{"id":1012,"date":"2025-08-04T20:12:18","date_gmt":"2025-08-04T23:12:18","guid":{"rendered":"https:\/\/aapra.org.ar\/?page_id=1012"},"modified":"2025-08-04T20:13:27","modified_gmt":"2025-08-04T23:13:27","slug":"organismos-de-aplicacion-de-a-ley-nacional-de-proteccion-del-patrimonio-arqueologico-y-paleontologico-25-743-2003-y-su-decreto-1-022-2004","status":"publish","type":"page","link":"https:\/\/aapra.org.ar\/?page_id=1012","title":{"rendered":"Organismos de aplicaci\u00f3n de a Ley Nacional de Protecci\u00f3n del Patrimonio Arqueol\u00f3gico y Paleontol\u00f3gico 25.743\/2003 y su decreto 1.022\/2004"},"content":{"rendered":"\n<div style=\"height:100px\" aria-hidden=\"true\" class=\"wp-block-spacer\"><\/div>\n\n\n\n<h2 class=\"wp-block-heading has-large-font-size\"><strong>NACIONAL <\/strong><\/h2>\n\n\n\n<div style=\"height:100px\" aria-hidden=\"true\" class=\"wp-block-spacer\"><\/div>\n\n\n\n<h2 class=\"wp-block-heading\"><strong>ARQUEOLOG\u00cdA<\/strong><\/h2>\n\n\n\n<p>Instituto Nacional de Antropolog\u00eda y Pensamiento Latinoamericano (INAPL)<\/p>\n\n\n\n<p>Web: <a href=\"https:\/\/inapl.cultura.gob.ar\/\">https:\/\/inapl.cultura.gob.ar\/<\/a><\/p>\n\n\n\n<p>Contacto: <a href=\"https:\/\/inapl.cultura.gob.ar\/formularios\/contacto\/\">https:\/\/inapl.cultura.gob.ar\/formularios\/contacto\/<\/a><\/p>\n\n\n\n<p>Tel: 4782-7251 \/ 4783-6554<\/p>\n\n\n\n<h2 class=\"wp-block-heading\"><strong>PALEONTOLOG\u00cdA<\/strong><\/h2>\n\n\n\n<p>Museo Argentino de Ciencias Naturales \u201cBernardino Rivadavia\u201d (MACN)<\/p>\n\n\n\n<p>Web: <a href=\"https:\/\/www.macnconicet.gob.ar\/el-museo-2\/autoridad-de-aplicacion-nacional-aan-de-la-ley-25-743-en-materia-paleontologica\/\">https:\/\/www.macnconicet.gob.ar\/el-museo-2\/autoridad-de-aplicacion-nacional-aan-de-la-ley-25-743-en-materia-paleontologica\/<\/a><\/p>\n\n\n\n<p>Contacto: Tel: <\/p>\n\n\n\n<h2 class=\"wp-block-heading\"><strong>ARQUEOLOG\u00cdA Y PALEONTOLOG\u00cdA<\/strong><\/h2>\n\n\n\n<p>Registro Nacional de Yacimientos, Colecciones y Objetos Arqueol\u00f3gicos (RENYCOA)<\/p>\n\n\n\n<p>Web: <a href=\"https:\/\/inapl.cultura.gob.ar\/noticia\/renycoa-inapl-1\/\">https:\/\/inapl.cultura.gob.ar\/noticia\/renycoa-inapl-1\/<\/a> <\/p>\n\n\n\n<p>Contacto: <a href=\"mailto:renycoa@gmail.com\">renycoa@gmail.com<\/a>  <\/p>\n\n\n\n<div style=\"height:100px\" aria-hidden=\"true\" class=\"wp-block-spacer\"><\/div>\n\n\n\n<h2 class=\"wp-block-heading has-large-font-size\">POR JURISDICCI\u00d3N<\/h2>\n\n\n\n<div style=\"height:100px\" aria-hidden=\"true\" class=\"wp-block-spacer\"><\/div>\n\n\n\n<h2 class=\"wp-block-heading\">CABA<\/h2>\n\n\n\n<p>Centro de interpretaci\u00f3n de Arqueolog\u00eda y Paleontolog\u00eda<\/p>\n\n\n\n<p>Web: <a href=\"https:\/\/buenosaires.gob.ar\/tramites\/registro-de-arqueologia-y-paleontologiaContacto\">https:\/\/buenosaires.gob.ar\/tramites\/registro-de-arqueologia-y-paleontologia<\/a><\/p>\n\n\n\n<p>Contacto: <a href=\"mailto:ciap@buenosaires.gob.ar\">ciap@buenosaires.gob.ar<\/a><\/p>\n\n\n\n<p>Tel: (011)-4339-1900<\/p>\n\n\n\n<div style=\"height:143px\" aria-hidden=\"true\" class=\"wp-block-spacer\"><\/div>\n\n\n\n<h2 class=\"wp-block-heading\">BUENOS AIRES<\/h2>\n\n\n\n<p>Centro de Registro de Protecci\u00f3n del Patrimonio Arqueol\u00f3gico y Paleontol\u00f3gico<\/p>\n\n\n\n<p>Web: <a href=\"https:\/\/sites.google.com\/view\/crepap\/p%C3%A1gina-principal\">https:\/\/sites.google.com\/view\/crepap\/p%C3%A1gina-principal<\/a> <\/p>\n\n\n\n<p>Contacto: <a href=\"mailto:centroderegistro@gmail.com\">centroderegistro@gmail.com<\/a> <\/p>\n\n\n\n<p>Tel: (0221)-4826878<\/p>\n\n\n\n<div style=\"height:100px\" aria-hidden=\"true\" class=\"wp-block-spacer\"><\/div>\n\n\n\n<h2 class=\"wp-block-heading\">ENTRE RIOS<\/h2>\n\n\n\n<p>Secretar\u00eda de Cultura <\/p>\n\n\n\n<p>Web: <a href=\"https:\/\/www.entrerios.gov.ar\/cultura\/autoridades\/\">https:\/\/www.entrerios.gov.ar\/cultura\/autoridades\/<\/a> <\/p>\n\n\n\n<p>Contacto: <a href=\"mailto:secretariadeculturaentrerios@gmail.com\">secretariadeculturaentrerios@gmail.com<\/a> <\/p>\n\n\n\n<p>Tel: (0343) 4207828<\/p>\n\n\n\n<div style=\"height:100px\" aria-hidden=\"true\" class=\"wp-block-spacer\"><\/div>\n\n\n\n<h2 class=\"wp-block-heading\">CORRIENTES<\/h2>\n\n\n\n<p>Instituto de Cultura<\/p>\n\n\n\n<p>Web: <a href=\"https:\/\/culturacorrientes.com\/\">https:\/\/culturacorrientes.com\/<\/a> <\/p>\n\n\n\n<p>Contacto: <a href=\"mailto:mesadeentradas@culturacorrientes.com\">mesadeentradas@culturacorrientes.com<\/a> \/ <a href=\"mailto:gabrielromero9@yahoo.com.ar\">gabrielromero9@yahoo.com.ar<\/a><\/p>\n\n\n\n<p>Tel: (3794) 811182<\/p>\n\n\n\n<div style=\"height:100px\" aria-hidden=\"true\" class=\"wp-block-spacer\"><\/div>\n\n\n\n<h2 class=\"wp-block-heading\">MISIONES<\/h2>\n\n\n\n<p>Cultura Misiones \/ Subsecretar\u00eda de Revalorizaci\u00f3n Patrimonial y Museos \/ Subsecretaria de Cultura<\/p>\n\n\n\n<p>Web: <a href=\"https:\/\/cultura.misiones.gob.ar\/\">https:\/\/cultura.misiones.gob.ar\/<\/a> <\/p>\n\n\n\n<p>Contacto: <a href=\"mailto:info@cultura.misiones.gob.ar\">info@cultura.misiones.gob.ar<\/a> <\/p>\n\n\n\n<p>Tel: (03764) 447356<\/p>\n\n\n\n<div style=\"height:100px\" aria-hidden=\"true\" class=\"wp-block-spacer\"><\/div>\n\n\n\n<h2 class=\"wp-block-heading\">FORMOSA<\/h2>\n\n\n\n<p>Direcci\u00f3n de Patrimonio Socio Cultural<\/p>\n\n\n\n<p>Web: <a href=\"https:\/\/www.formosa.gob.ar\/patrimonio\/institucional\">https:\/\/www.formosa.gob.ar\/patrimonio\/institucional<\/a> <\/p>\n\n\n\n<p>Contacto: <a href=\"mailto:direcciondepatrimonio@formosa.gob.ar\">direcciondepatrimonio@formosa.gob.ar<\/a><\/p>\n\n\n\n<p>Tel: (0370) 4426000 \/ 03<\/p>\n\n\n\n<div style=\"height:100px\" aria-hidden=\"true\" class=\"wp-block-spacer\"><\/div>\n\n\n\n<h2 class=\"wp-block-heading\">CHACO<\/h2>\n\n\n\n<p>Direcci\u00f3n de Patrimonio Cultural<\/p>\n\n\n\n<p>Web: <a href=\"https:\/\/patrimonio.cultura.chaco.gob.ar\/\">https:\/\/patrimonio.cultura.chaco.gob.ar\/<\/a> <\/p>\n\n\n\n<p>Contacto: <a href=\"mailto:patrimoniochaco@gmail.com\">patrimoniochaco@gmail.com<\/a> \/ <a href=\"https:\/\/patrimonio.cultura.chaco.gob.ar\/contacto\">https:\/\/patrimonio.cultura.chaco.gob.ar\/contacto<\/a> <\/p>\n\n\n\n<p>Tel: (0362) 4453094<\/p>\n\n\n\n<div style=\"height:100px\" aria-hidden=\"true\" class=\"wp-block-spacer\"><\/div>\n\n\n\n<h2 class=\"wp-block-heading\">SANTA FE<\/h2>\n\n\n\n<p>Ministerio de innovaci\u00f3n y Cultura<\/p>\n\n\n\n<p>Web: <a href=\"https:\/\/www.santafe.gov.ar\/index.php\/web\/content\/view\/full\/180658\">https:\/\/www.santafe.gov.ar\/index.php\/web\/content\/view\/full\/180658<\/a> <\/p>\n\n\n\n<p>Contacto: <a href=\"mailto:pyasantafe@gmail.com\">pyasantafe@gmail.com<\/a> \/ <a href=\"mailto:speic@santafe.gob.ar\">speic@santafe.gob.ar<\/a> <\/p>\n\n\n\n<p>Tel: (0341) 4721132<\/p>\n\n\n\n<div style=\"height:171px\" aria-hidden=\"true\" class=\"wp-block-spacer\"><\/div>\n\n\n\n<div style=\"height:0px\" aria-hidden=\"true\" class=\"wp-block-spacer\"><\/div>\n\n\n\n<h2 class=\"wp-block-heading\">C\u00d3RDOBA<\/h2>\n\n\n\n<p>Agencia C\u00f3rdoba Cultura<\/p>\n\n\n\n<p>Web: <a href=\"https:\/\/cultura.cba.gov.ar\/patrimonio-cultural\/\">https:\/\/cultura.cba.gov.ar\/patrimonio-cultural\/<\/a> <\/p>\n\n\n\n<p>Contacto: <a href=\"mailto:arqueologiacordobacultura@gmail.com\">arqueologiacordobacultura@gmail.com<\/a><\/p>\n\n\n\n<p>Tel: (0351) 2081238 <\/p>\n\n\n\n<div style=\"height:100px\" aria-hidden=\"true\" class=\"wp-block-spacer\"><\/div>\n\n\n\n<h2 class=\"wp-block-heading\">SANTIAGO DEL ESTERO<\/h2>\n\n\n\n<p>Direcci\u00f3n General de Patrimonio Cultural<\/p>\n\n\n\n<p>Web: <a href=\"https:\/\/www.santiagocultura.gob.ar\/direccion-de-patrimonio-cultural.php\">https:\/\/www.santiagocultura.gob.ar\/direccion-de-patrimonio-cultural.php<\/a> <\/p>\n\n\n\n<p>Contacto: <a href=\"mailto:alejandro@patrimoniosde.gob.ar\">alejandro@patrimoniosde.gob.ar<\/a><\/p>\n\n\n\n<p>Tel: (0385) 4242385<\/p>\n\n\n\n<div style=\"height:100px\" aria-hidden=\"true\" class=\"wp-block-spacer\"><\/div>\n\n\n\n<h2 class=\"wp-block-heading\">SALTA<\/h2>\n\n\n\n<p>Museo de Antropolog\u00eda de Salta<\/p>\n\n\n\n<p>Web: <a href=\"https:\/\/saltaciudad.travel\/museo-de-antropologia-de-salta\/\">https:\/\/saltaciudad.travel\/museo-de-antropologia-de-salta\/<\/a><\/p>\n\n\n\n<p>Contacto: <a href=\"mailto:museosalta@gmail.com\">museosalta@gmail.com<\/a><\/p>\n\n\n\n<p>Tel: (0387)4222960 y 4311229<\/p>\n\n\n\n<div style=\"height:100px\" aria-hidden=\"true\" class=\"wp-block-spacer\"><\/div>\n\n\n\n<h2 class=\"wp-block-heading\">JUJUY<\/h2>\n\n\n\n<p>Direcci\u00f3n Provincial de Patrimonio<\/p>\n\n\n\n<p>Web: <a href=\"https:\/\/cultura.jujuy.gob.ar\/dependencias\/\">https:\/\/cultura.jujuy.gob.ar\/dependencias\/<\/a> <\/p>\n\n\n\n<p>Contacto: <a href=\"mailto:jujuypatrimonio@gmail.com\">jujuypatrimonio@gmail.com<\/a> <\/p>\n\n\n\n<p>Tel: (0388) 4314657<\/p>\n\n\n\n<div style=\"height:100px\" aria-hidden=\"true\" class=\"wp-block-spacer\"><\/div>\n\n\n\n<h2 class=\"wp-block-heading\">TUCUM\u00c1N<\/h2>\n\n\n\n<p>Direcci\u00f3n de Patrimonio Cultural<\/p>\n\n\n\n<p>Web: <a href=\"https:\/\/enteculturaltucuman.gob.ar\/patrimoniocultural\/\">https:\/\/enteculturaltucuman.gob.ar\/patrimoniocultural\/<\/a> <\/p>\n\n\n\n<p>Contacto: <a href=\"mailto:direccionpatrimonio@gmail.com\">direccionpatrimonio@gmail.com<\/a> <\/p>\n\n\n\n<p>Tel: (0381) 4307678, interno 242<\/p>\n\n\n\n<div style=\"height:100px\" aria-hidden=\"true\" class=\"wp-block-spacer\"><\/div>\n\n\n\n<h2 class=\"wp-block-heading\">CATAMARCA<\/h2>\n\n\n\n<p>Direcci\u00f3n Provincial de Antropolog\u00eda<\/p>\n\n\n\n<p>Web:<a href=\"https:\/\/sites.google.com\/view\/mapeb\/direcci%C3%B3n-de-antropologia\">https:\/\/sites.google.com\/view\/mapeb\/direcci%C3%B3n-de-antropologia<\/a><\/p>\n\n\n\n<p>Contacto: <a href=\"mailto:antropologiacatamarca@gmail.com\">antropologiacatamarca@gmail.com<\/a><\/p>\n\n\n\n<p>Tel: (0383) 4437564<\/p>\n\n\n\n<div style=\"height:100px\" aria-hidden=\"true\" class=\"wp-block-spacer\"><\/div>\n\n\n\n<h2 class=\"wp-block-heading\">LA RIOJA<\/h2>\n\n\n\n<p>Subsecretar\u00eda de Patrimonio Cultural y Museos<\/p>\n\n\n\n<p>Web: <a href=\"https:\/\/culturalarioja.gob.ar\/\">https:\/\/culturalarioja.gob.ar\/<\/a> <\/p>\n\n\n\n<p>Contacto: <a href=\"mailto:anamercadoluna@hotmail.com\">anamercadoluna@hotmail.com<\/a> <\/p>\n\n\n\n<p>Tel: (3804) 148880<\/p>\n\n\n\n<div style=\"height:100px\" aria-hidden=\"true\" class=\"wp-block-spacer\"><\/div>\n\n\n\n<h2 class=\"wp-block-heading\">SAN JUAN<\/h2>\n\n\n\n<p>Direcci\u00f3n de Patrimonio Cultural<\/p>\n\n\n\n<p>Web: <a href=\"https:\/\/turismo.sanjuan.gob.ar\/\">https:\/\/turismo.sanjuan.gob.ar\/<\/a><\/p>\n\n\n\n<p>Contacto: <a href=\"mailto:dpcsanjuan@gmail.com\">dpcsanjuan@gmail.com<\/a> <\/p>\n\n\n\n<p>Tel: (0264) 4306646 \u2013 4306369 &#8211; 4306650 <\/p>\n\n\n\n<div style=\"height:100px\" aria-hidden=\"true\" class=\"wp-block-spacer\"><\/div>\n\n\n\n<h2 class=\"wp-block-heading\">SAN LUIS<\/h2>\n\n\n\n<p>Ministerio de Turismo y Cultura<\/p>\n\n\n\n<p>Web: <a href=\"https:\/\/sanluis.gov.ar\/turismo-cultura\/\">https:\/\/sanluis.gov.ar\/turismo-cultura\/<\/a> <\/p>\n\n\n\n<p>Contacto:<\/p>\n\n\n\n<p>Tel: (0266) 442-3479, Interno 4167<\/p>\n\n\n\n<div style=\"height:100px\" aria-hidden=\"true\" class=\"wp-block-spacer\"><\/div>\n\n\n\n<h2 class=\"wp-block-heading\">MENDOZA<\/h2>\n\n\n\n<p>Direcci\u00f3n de Patrimonio Cultural<\/p>\n\n\n\n<p>Web: <a href=\"https:\/\/www.mendoza.gov.ar\/cultura\/museos\/direccion-de-patrimonio-cultural-y-museos\/\">https:\/\/www.mendoza.gov.ar\/cultura\/museos\/direccion-de-patrimonio-cultural-y-museos\/<\/a> <\/p>\n\n\n\n<p>Contacto: <a href=\"mailto:patrimonio@mendoza.gov.ar\">patrimonio@mendoza.gov.ar<\/a><\/p>\n\n\n\n<p>Tel: (0261) 4241347<\/p>\n\n\n\n<div style=\"height:100px\" aria-hidden=\"true\" class=\"wp-block-spacer\"><\/div>\n\n\n\n<h2 class=\"wp-block-heading\">LA PAMPA<\/h2>\n\n\n\n<p>Direcci\u00f3n Provincial de Patrimonio<\/p>\n\n\n\n<p>Web: <a href=\"https:\/\/www.neuquencapital.gov.ar\/cultura\/patrimonio-cultural\/\">https:\/\/www.neuquencapital.gov.ar\/cultura\/patrimonio-cultural\/<\/a> <\/p>\n\n\n\n<p>Contacto: <a href=\"mailto:patrimoniocultural@lapampa.gob.ar\">patrimoniocultural@lapampa.gob.ar<\/a><\/p>\n\n\n\n<p>Tel: (02954) 703345<\/p>\n\n\n\n<div style=\"height:100px\" aria-hidden=\"true\" class=\"wp-block-spacer\"><\/div>\n\n\n\n<h2 class=\"wp-block-heading\">NEUQU\u00c9N<\/h2>\n\n\n\n<p>Direcci\u00f3n General de Patrimonio Cultural<\/p>\n\n\n\n<p>Web: <a href=\"https:\/\/www.neuquencapital.gov.ar\/cultura\/patrimonio-cultural\/\">https:\/\/www.neuquencapital.gov.ar\/cultura\/patrimonio-cultural\/<\/a> <\/p>\n\n\n\n<p>Contacto: <a href=\"mailto:patrimonioculturalprovincial@gmail.com\">patrimonioculturalprovincial@gmail.com<\/a><\/p>\n\n\n\n<p>Tel: (0299) 5364885<\/p>\n\n\n\n<div style=\"height:0px\" aria-hidden=\"true\" class=\"wp-block-spacer\"><\/div>\n\n\n\n<div style=\"height:100px\" aria-hidden=\"true\" class=\"wp-block-spacer\"><\/div>\n\n\n\n<h2 class=\"wp-block-heading\">R\u00cdO NEGRO<\/h2>\n\n\n\n<p>Subsecretar\u00eda de Patrimonio y Cooperaci\u00f3n Cultural<\/p>\n\n\n\n<p>Web: <a href=\"https:\/\/cultura.rionegro.gov.ar\/patrimonio\">https:\/\/cultura.rionegro.gov.ar\/patrimonio<\/a> <\/p>\n\n\n\n<p>,Contacto: <a href=\"mailto:subsecpatrimoniorionegro@gmail.com\">subsecpatrimoniorionegro@gmail.com<\/a><\/p>\n\n\n\n<p>Tel: (02920) 422361 int 2<\/p>\n\n\n\n<div style=\"height:100px\" aria-hidden=\"true\" class=\"wp-block-spacer\"><\/div>\n\n\n\n<h2 class=\"wp-block-heading\">CHUBUT<\/h2>\n\n\n\n<p>Subsecretar\u00eda de Cultura<\/p>\n\n\n\n<p>Web: <a href=\"https:\/\/cultura.chubut.gov.ar\/\">https:\/\/cultura.chubut.gov.ar\/<\/a> <\/p>\n\n\n\n<p>Contacto: <a href=\"mailto:patrimonioculturaldelchubut@gmail.com\">patrimonioculturaldelchubut@gmail.com<\/a> <\/p>\n\n\n\n<p>Tel: (0280) 4483147<\/p>\n\n\n\n<div style=\"height:100px\" aria-hidden=\"true\" class=\"wp-block-spacer\"><\/div>\n\n\n\n<h2 class=\"wp-block-heading\">SANTA CRUZ<\/h2>\n\n\n\n<p>Secretar\u00eda Estado de Cultura de Santa Cruz<\/p>\n\n\n\n<p>Web: <a href=\"https:\/\/noticias.santacruz.gob.ar\/gestion\/ministerio-de-gobierno\/cultura\">https:\/\/noticias.santacruz.gob.ar\/gestion\/ministerio-de-gobierno\/cultura<\/a> <\/p>\n\n\n\n<p>Contacto: <a href=\"mailto:patrimoniosantacruz@gmail.com\">patrimoniosantacruz@gmail.com<\/a><\/p>\n\n\n\n<p>Tel: (02966) 421910<\/p>\n\n\n\n<div style=\"height:100px\" aria-hidden=\"true\" class=\"wp-block-spacer\"><\/div>\n\n\n\n<h2 class=\"wp-block-heading\">TIERRA DEL FUEGO, ANT\u00c1RTIDA E ISLAS DEL ATL\u00c1NTICO SUR<\/h2>\n\n\n\n<p>Direcci\u00f3n General de Patrimonio y Museos (Secretar\u00eda de Cultura de la Agencia de Innovaci\u00f3n de Tierra del Fuego, AeIAS)<\/p>\n\n\n\n<p>Web: <a href=\"https:\/\/www.aif.gob.ar\/\">https:\/\/www.aif.gob.ar\/<\/a> <\/p>\n\n\n\n<p>Contacto: <a href=\"mailto:patrimonioarq@aif.gob.ar\">patrimonioarq@aif.gob.ar<\/a> <\/p>\n\n\n\n<p>Tel: (02901) 422551<\/p>\n\n\n\n<div style=\"height:361px\" aria-hidden=\"true\" class=\"wp-block-spacer\"><\/div>\n\n\n\n<h2 class=\"wp-block-heading has-large-font-size\">OTROS ORGANISMOS DE INTER\u00c9S<\/h2>\n\n\n\n<div style=\"height:100px\" aria-hidden=\"true\" class=\"wp-block-spacer\"><\/div>\n\n\n\n<h2 class=\"wp-block-heading\"><strong>Colegio de Graduados en Antropolog\u00eda de la Rep\u00fablica Argentina (CGA)<\/strong><\/h2>\n\n\n\n<p>Web: <a href=\"https:\/\/cgantropologia.org.ar\/\">https:\/\/cgantropologia.org.ar\/<\/a> <\/p>\n\n\n\n<p>Contacto: <a href=\"mailto:info@cgantropologia.org.ar\">info@cgantropologia.org.ar<\/a><\/p>\n\n\n\n<div style=\"height:100px\" aria-hidden=\"true\" class=\"wp-block-spacer\"><\/div>\n\n\n\n<h2 class=\"wp-block-heading\"><strong>Sociedad Argentina de Antropolog\u00eda (SAA)<\/strong><\/h2>\n\n\n\n<p>Web: <a href=\"https:\/\/saantropologia.com.ar\/\">https:\/\/saantropologia.com.ar\/<\/a> <\/p>\n\n\n\n<p>Contacto: <a href=\"mailto:sociedadargentinaantropologia@gmail.com\">sociedadargentinaantropologia@gmail.com<\/a>  <\/p>\n\n\n\n<div style=\"height:100px\" aria-hidden=\"true\" class=\"wp-block-spacer\"><\/div>\n\n\n\n<div style=\"height:0px\" aria-hidden=\"true\" class=\"wp-block-spacer\"><\/div>\n\n\n\n<h2 class=\"wp-block-heading\"><strong>Colegio de Profesionales en Arqueolog\u00eda de Tucum\u00e1n (CPAT)<\/strong><\/h2>\n\n\n\n<p>Web: <a href=\"https:\/\/colegioarqueologos.wordpress.com\/\">https:\/\/colegioarqueologos.wordpress.com\/<\/a> <\/p>\n\n\n\n<p>Contacto: <a href=\"mailto:colegiodearqueologostuc@gmail.com\">colegiodearqueologostuc@gmail.com<\/a> <\/p>\n\n\n\n<div style=\"height:100px\" aria-hidden=\"true\" class=\"wp-block-spacer\"><\/div>\n\n\n\n<h2 class=\"wp-block-heading\"><strong>Colegio de Profesionales en Arqueolog\u00eda de Jujuy (CGAJ)<\/strong><\/h2>\n\n\n\n<p>Web: <a href=\"https:\/\/www.facebook.com\/groups\/158310170871938\/about\">https:\/\/www.facebook.com\/groups\/158310170871938\/about<\/a> <\/p>\n\n\n\n<p>Contacto:<\/p>\n\n\n\n<div style=\"height:100px\" aria-hidden=\"true\" class=\"wp-block-spacer\"><\/div>\n\n\n\n<h2 class=\"wp-block-heading\"><strong>Asociaci\u00f3n de Antropolog\u00eda de Rosario (AAR)<\/strong><\/h2>\n\n\n\n<p>Web: <a href=\"https:\/\/www.facebook.com\/people\/Aar-Asoc-Antropologia-Rosario\/100064899000967\/\">https:\/\/www.facebook.com\/people\/Aar-Asoc-Antropologia-Rosario\/100064899000967\/<\/a> <\/p>\n\n\n\n<p>Contacto: <a href=\"mailto:aarcomunicacion@gmail.com\">aarcomunicacion@gmail.com<\/a> <\/p>\n\n\n\n<div style=\"height:100px\" aria-hidden=\"true\" class=\"wp-block-spacer\"><\/div>\n\n\n\n<h2 class=\"wp-block-heading\"><strong>Asociaci\u00f3n de Antropolog\u00eda Biol\u00f3gica Argentina (AABA)<\/strong><\/h2>\n\n\n\n<p>Web: <a href=\"https:\/\/asociacionantropologiabiologicaargentina.org.ar\/\">https:\/\/asociacionantropologiabiologicaargentina.org.ar\/<\/a> <\/p>\n\n\n\n<p>Contacto: <a href=\"mailto:asociacionbioantropologia@gmail.com\">asociacionbioantropologia@gmail.com<\/a> <\/p>\n\n\n\n<div style=\"height:100px\" aria-hidden=\"true\" class=\"wp-block-spacer\"><\/div>\n\n\n\n<h2 class=\"wp-block-heading\"><strong>Equipo Argentino de Antropolog\u00eda Forense (EAAF)<\/strong><\/h2>\n\n\n\n<p>Web: <a href=\"https:\/\/eaaf.org\/\">https:\/\/eaaf.org\/<\/a> <\/p>\n\n\n\n<p>Contacto: <a href=\"mailto:eaaf@eaaf.org\">eaaf@eaaf.org<\/a> <\/p>\n\n\n\n<div style=\"height:100px\" aria-hidden=\"true\" class=\"wp-block-spacer\"><\/div>\n\n\n\n<h2 class=\"wp-block-heading\"><strong>Asociaci\u00f3n Paleontol\u00f3gica Argentina (APA)<\/strong><\/h2>\n\n\n\n<p>Web: <a href=\"https:\/\/www.apaleontologica.org.ar\/\">https:\/\/www.apaleontologica.org.ar\/<\/a> <\/p>\n\n\n\n<p>Contacto: <a href=\"mailto:secretaria@apaleontologica.org.ar\">secretaria@apaleontologica.org.ar<\/a> \/ <a href=\"mailto:presidencia@apaleontologica.org.ar\">presidencia@apaleontologica.org.ar<\/a><\/p>\n\n\n\n<div style=\"height:100px\" aria-hidden=\"true\" class=\"wp-block-spacer\"><\/div>\n","protected":false},"excerpt":{"rendered":"<p>NACIONAL ARQUEOLOG\u00cdA Instituto Nacional de Antropolog\u00eda y Pensamiento Latinoamericano (INAPL) Web: https:\/\/inapl.cultura.gob.ar\/ Contacto: https:\/\/inapl.cultura.gob.ar\/formularios\/contacto\/ Tel: 4782-7251 \/ 4783-6554 PALEONTOLOG\u00cdA Museo Argentino de Ciencias Naturales \u201cBernardino Rivadavia\u201d (MACN) Web: https:\/\/www.macnconicet.gob.ar\/el-museo-2\/autoridad-de-aplicacion-nacional-aan-de-la-ley-25-743-en-materia-paleontologica\/ Contacto: Tel: ARQUEOLOG\u00cdA Y PALEONTOLOG\u00cdA Registro Nacional de Yacimientos, Colecciones y Objetos Arqueol\u00f3gicos (RENYCOA) Web: https:\/\/inapl.cultura.gob.ar\/noticia\/renycoa-inapl-1\/ Contacto: renycoa@gmail.com POR JURISDICCI\u00d3N CABA Centro de interpretaci\u00f3n de Arqueolog\u00eda&#8230;<\/p>\n","protected":false},"author":1,"featured_media":0,"parent":0,"menu_order":0,"comment_status":"closed","ping_status":"closed","template":"","meta":{"footnotes":""},"class_list":["post-1012","page","type-page","status-publish","hentry"],"_links":{"self":[{"href":"https:\/\/aapra.org.ar\/index.php?rest_route=\/wp\/v2\/pages\/1012","targetHints":{"allow":["GET"]}}],"collection":[{"href":"https:\/\/aapra.org.ar\/index.php?rest_route=\/wp\/v2\/pages"}],"about":[{"href":"https:\/\/aapra.org.ar\/index.php?rest_route=\/wp\/v2\/types\/page"}],"author":[{"embeddable":true,"href":"https:\/\/aapra.org.ar\/index.php?rest_route=\/wp\/v2\/users\/1"}],"replies":[{"embeddable":true,"href":"https:\/\/aapra.org.ar\/index.php?rest_route=%2Fwp%2Fv2%2Fcomments&post=1012"}],"version-history":[{"count":8,"href":"https:\/\/aapra.org.ar\/index.php?rest_route=\/wp\/v2\/pages\/1012\/revisions"}],"predecessor-version":[{"id":1020,"href":"https:\/\/aapra.org.ar\/index.php?rest_route=\/wp\/v2\/pages\/1012\/revisions\/1020"}],"wp:attachment":[{"href":"https:\/\/aapra.org.ar\/index.php?rest_route=%2Fwp%2Fv2%2Fmedia&parent=1012"}],"curies":[{"name":"wp","href":"https:\/\/api.w.org\/{rel}","templated":true}]}}