{"id":118,"date":"2023-09-21T20:47:38","date_gmt":"2023-09-21T23:47:38","guid":{"rendered":"https:\/\/aapra.org.ar\/?page_id=118"},"modified":"2025-10-07T08:53:40","modified_gmt":"2025-10-07T11:53:40","slug":"datos-bancarios-cbu","status":"publish","type":"page","link":"https:\/\/aapra.org.ar\/?page_id=118","title":{"rendered":"Datos bancarios: CBU\/CVU"},"content":{"rendered":"\t\t<div data-elementor-type=\"wp-page\" data-elementor-id=\"118\" class=\"elementor elementor-118\" data-elementor-post-type=\"page\">\n\t\t\t\t<div class=\"elementor-element elementor-element-fa9dcbc e-flex e-con-boxed e-con e-parent\" data-id=\"fa9dcbc\" data-element_type=\"container\">\n\t\t\t\t\t<div class=\"e-con-inner\">\n\t\t\t\t<div class=\"elementor-element elementor-element-4db4f12 elementor-widget-divider--view-line elementor-widget elementor-widget-divider\" data-id=\"4db4f12\" data-element_type=\"widget\" data-widget_type=\"divider.default\">\n\t\t\t\t<div class=\"elementor-widget-container\">\n\t\t\t\t\t\t\t<div class=\"elementor-divider\">\n\t\t\t<span class=\"elementor-divider-separator\">\n\t\t\t\t\t\t<\/span>\n\t\t<\/div>\n\t\t\t\t\t\t<\/div>\n\t\t\t\t<\/div>\n\t\t\t\t\t<\/div>\n\t\t\t\t<\/div>\n\t\t<div class=\"elementor-element elementor-element-ceac2d6 e-flex e-con-boxed e-con e-parent\" data-id=\"ceac2d6\" data-element_type=\"container\">\n\t\t\t\t\t<div class=\"e-con-inner\">\n\t\t\t\t<div class=\"elementor-element elementor-element-fc03a66 elementor-widget elementor-widget-text-editor\" data-id=\"fc03a66\" data-element_type=\"widget\" data-widget_type=\"text-editor.default\">\n\t\t\t\t<div class=\"elementor-widget-container\">\n\t\t\t\t\t\t\t\t\t<p><span style=\"color: #000000;\">Los socios pueden abonar la cuooa societaria anual por medio de una transferencia desde su banco al CVU de <strong>Mercado Pago<\/strong>.<\/span><\/p>\n<p><span style=\"color: #000000;\">CVU:\u00a0<\/span><\/p>\t\t\t\t\t\t\t\t<\/div>\n\t\t\t\t<\/div>\n\t\t\t\t\t<\/div>\n\t\t\t\t<\/div>\n\t\t<div class=\"elementor-element elementor-element-f8b3683 e-flex e-con-boxed e-con e-parent\" data-id=\"f8b3683\" data-element_type=\"container\">\n\t\t\t\t\t<div class=\"e-con-inner\">\n\t\t\t\t<div class=\"elementor-element elementor-element-e35f157 elementor-widget elementor-widget-ctc_message\" data-id=\"e35f157\" data-element_type=\"widget\" data-widget_type=\"ctc_message.default\">\n\t\t\t\t<div class=\"elementor-widget-container\">\n\t\t\t\t\t\t\t<div class=\"ctc-block ctc-message\">\n\t\t\t<div class=\"ctc-block-content\">\n\t\t\t\t<div class=\"ctc-message-box\">\n\t\t\t\t\t<div class=\"ctc-message-text\"><p>izar.silo.taco.mp<\/p>\n<\/div>\n\t\t\t\t<\/div>\n\t\t\t<\/div>\n\t\t\t<div class=\"ctc-block-actions\">\n\t\t\t\t\t\t<button class=\"ctc-block-copy ctc-with-icon\" copy-as-raw='yes' data-copied=\"Copiado\">\n\t\t\t<span class=\"ctc-button-text\">Copiar CVU<\/span><svg aria-hidden=\"true\" focusable=\"false\" role=\"img\" class=\"copy-icon\" viewBox=\"0 0 16 16\" width=\"16\" height=\"16\" fill=\"currentColor\"><path d=\"M0 6.75C0 5.784.784 5 1.75 5h1.5a.75.75 0 0 1 0 1.5h-1.5a.25.25 0 0 0-.25.25v7.5c0 .138.112.25.25.25h7.5a.25.25 0 0 0 .25-.25v-1.5a.75.75 0 0 1 1.5 0v1.5A1.75 1.75 0 0 1 9.25 16h-7.5A1.75 1.75 0 0 1 0 14.25Z\"><\/path><path d=\"M5 1.75C5 .784 5.784 0 6.75 0h7.5C15.216 0 16 .784 16 1.75v7.5A1.75 1.75 0 0 1 14.25 11h-7.5A1.75 1.75 0 0 1 5 9.25Zm1.75-.25a.25.25 0 0 0-.25.25v7.5c0 .138.112.25.25.25h7.5a.25.25 0 0 0 .25-.25v-7.5a.25.25 0 0 0-.25-.25Z\"><\/path><\/svg><svg aria-hidden=\"true\" height=\"16\" viewBox=\"0 0 16 16\" version=\"1.1\" width=\"16\" data-view-component=\"true\" class=\"check-icon\" fill=\"currentColor\"><path d=\"M13.78 4.22a.75.75 0 0 1 0 1.06l-7.25 7.25a.75.75 0 0 1-1.06 0L2.22 9.28a.751.751 0 0 1 .018-1.042.751.751 0 0 1 1.042-.018L6 10.94l6.72-6.72a.75.75 0 0 1 1.06 0Z\"><\/path><\/svg>\t\t<\/button>\n\t\t\t\t\t<\/div>\n\t\t\t\t\t<textarea selection-target=\"\" class=\"ctc-copy-content\" style=\"display: none;\">izar.silo.taco.mp<\/textarea>\n\t\t\t\t<\/div>\n\t\t\t\t\t\t<\/div>\n\t\t\t\t<\/div>\n\t\t\t\t\t<\/div>\n\t\t\t\t<\/div>\n\t\t<div class=\"elementor-element elementor-element-2db5181 e-flex e-con-boxed e-con e-parent\" data-id=\"2db5181\" data-element_type=\"container\">\n\t\t\t\t\t<div class=\"e-con-inner\">\n\t\t\t\t<div class=\"elementor-element elementor-element-a77533e elementor-widget-divider--view-line elementor-widget elementor-widget-divider\" data-id=\"a77533e\" data-element_type=\"widget\" data-widget_type=\"divider.default\">\n\t\t\t\t<div class=\"elementor-widget-container\">\n\t\t\t\t\t\t\t<div class=\"elementor-divider\">\n\t\t\t<span class=\"elementor-divider-separator\">\n\t\t\t\t\t\t<\/span>\n\t\t<\/div>\n\t\t\t\t\t\t<\/div>\n\t\t\t\t<\/div>\n\t\t\t\t\t<\/div>\n\t\t\t\t<\/div>\n\t\t<div class=\"elementor-element elementor-element-136789d0 e-flex e-con-boxed e-con e-parent\" data-id=\"136789d0\" data-element_type=\"container\">\n\t\t\t\t\t<div class=\"e-con-inner\">\n\t\t\t\t<div class=\"elementor-element elementor-element-3d7e549d elementor-widget elementor-widget-text-editor\" data-id=\"3d7e549d\" data-element_type=\"widget\" data-widget_type=\"text-editor.default\">\n\t\t\t\t<div class=\"elementor-widget-container\">\n\t\t\t\t\t\t\t\t\t<p><strong><u>Datos bancarios de AAPRA<\/u><\/strong><\/p><p>Banco de Galicia<\/p><p>Cuenta Corriente\u00a0N\u00b0 0064675-2 999-9<\/p><div><span style=\"letter-spacing: 0.1px;\">Titular: Asociaci\u00f3n de Arque\u00f3logos Profesionales de la Rep\u00fablica Argentina (AAPRA)<\/span><\/div><div><span style=\"letter-spacing: 0.1px;\">\u00a0<\/span><\/div><p>CUIT:\u00a0 30-71085897-3<\/p><p>CBU: 0070999020000064675293<\/p>\t\t\t\t\t\t\t\t<\/div>\n\t\t\t\t<\/div>\n\t\t\t\t\t<\/div>\n\t\t\t\t<\/div>\n\t\t<div class=\"elementor-element elementor-element-98b9a42 e-flex e-con-boxed e-con e-parent\" data-id=\"98b9a42\" data-element_type=\"container\">\n\t\t\t\t\t<div class=\"e-con-inner\">\n\t\t\t\t<div class=\"elementor-element elementor-element-fbbf4cb elementor-widget elementor-widget-text-editor\" data-id=\"fbbf4cb\" data-element_type=\"widget\" data-widget_type=\"text-editor.default\">\n\t\t\t\t<div class=\"elementor-widget-container\">\n\t\t\t\t\t\t\t\t\t<p style=\"text-align: left;\"><mark style=\"background-color: #f4adad;\">Una vez realizada la transferencia, enviar un mail a <strong><a href=\"mailto:tesoreria@aapra.org.ar\">tesoreria@aapra.org.ar<\/a><\/strong> con el comprobante de la transferencia o dep\u00f3sito. Este paso es necesario para registrar correctamente el pago.<\/mark><\/p>\t\t\t\t\t\t\t\t<\/div>\n\t\t\t\t<\/div>\n\t\t\t\t\t<\/div>\n\t\t\t\t<\/div>\n\t\t\t\t<\/div>\n\t\t","protected":false},"excerpt":{"rendered":"<p>Los socios pueden abonar la cuooa societaria anual por medio de una transferencia desde su banco al CVU de Mercado Pago. CVU:\u00a0 izar.silo.taco.mp Copiar CVU izar.silo.taco.mp Datos bancarios de AAPRA Banco de Galicia Cuenta Corriente\u00a0N\u00b0 0064675-2 999-9 Titular: Asociaci\u00f3n de Arque\u00f3logos Profesionales de la Rep\u00fablica Argentina (AAPRA)\u00a0 CUIT:\u00a0 30-71085897-3 CBU: 0070999020000064675293 Una vez realizada la&#8230;<\/p>\n","protected":false},"author":1,"featured_media":0,"parent":0,"menu_order":0,"comment_status":"closed","ping_status":"closed","template":"","meta":{"footnotes":""},"class_list":["post-118","page","type-page","status-publish","hentry"],"_links":{"self":[{"href":"https:\/\/aapra.org.ar\/index.php?rest_route=\/wp\/v2\/pages\/118","targetHints":{"allow":["GET"]}}],"collection":[{"href":"https:\/\/aapra.org.ar\/index.php?rest_route=\/wp\/v2\/pages"}],"about":[{"href":"https:\/\/aapra.org.ar\/index.php?rest_route=\/wp\/v2\/types\/page"}],"author":[{"embeddable":true,"href":"https:\/\/aapra.org.ar\/index.php?rest_route=\/wp\/v2\/users\/1"}],"replies":[{"embeddable":true,"href":"https:\/\/aapra.org.ar\/index.php?rest_route=%2Fwp%2Fv2%2Fcomments&post=118"}],"version-history":[{"count":39,"href":"https:\/\/aapra.org.ar\/index.php?rest_route=\/wp\/v2\/pages\/118\/revisions"}],"predecessor-version":[{"id":1065,"href":"https:\/\/aapra.org.ar\/index.php?rest_route=\/wp\/v2\/pages\/118\/revisions\/1065"}],"wp:attachment":[{"href":"https:\/\/aapra.org.ar\/index.php?rest_route=%2Fwp%2Fv2%2Fmedia&parent=118"}],"curies":[{"name":"wp","href":"https:\/\/api.w.org\/{rel}","templated":true}]}}