{"id":68,"date":"2023-09-20T10:55:51","date_gmt":"2023-09-20T13:55:51","guid":{"rendered":"https:\/\/aapra.org.ar\/?page_id=68"},"modified":"2025-07-13T12:28:30","modified_gmt":"2025-07-13T15:28:30","slug":"directorio","status":"publish","type":"page","link":"https:\/\/aapra.org.ar\/?page_id=68","title":{"rendered":"Impacto arqueol\u00f3gico"},"content":{"rendered":"\t\t<div data-elementor-type=\"wp-page\" data-elementor-id=\"68\" class=\"elementor elementor-68\" data-elementor-post-type=\"page\">\n\t\t\t\t<div class=\"elementor-element elementor-element-240879cb e-flex e-con-boxed e-con e-parent\" data-id=\"240879cb\" data-element_type=\"container\">\n\t\t\t\t\t<div class=\"e-con-inner\">\n\t\t\t\t<div class=\"elementor-element elementor-element-7fd9539b elementor-widget elementor-widget-text-editor\" data-id=\"7fd9539b\" data-element_type=\"widget\" data-widget_type=\"text-editor.default\">\n\t\t\t\t<div class=\"elementor-widget-container\">\n\t\t\t\t\t\t\t\t\t<p>La Asociaci\u00f3n de Arque\u00f3logos Profesionales de la Rep\u00fablica Argentina (AAPRA) gestiona y difunde el Directorio de Asociados para empresas y organismos que requieran relevamientos de impacto.\u00a0<\/p>\n<p><!-- \/wp:paragraph --><\/p>\n<p><!-- wp:paragraph --><\/p>\n<p>A requerimiento de los solicitantes, la AAPRA brinda una tabla din\u00e1mica con datos de profesionales de la Arqueolog\u00eda seg\u00fan sus conocimientos, zona geogr\u00e1fica o \u00e1rea de experiencia.<\/p>\n<p><!-- \/wp:paragraph --><\/p>\n<p><!-- wp:paragraph --><\/p>\n<p>Para acceder al Directorio de Asociados, complete el formulario que figura a continuaci\u00f3n. La respuesta a la solicitud ser\u00e1 evaluada por la AAPRA.<\/p>\n<p>Para julio de 2025, la Comisi\u00f3n Directiva de AAPRA sugiere como honorario de jornada de ocho horas de Director de Excavaci\u00f3n para Evaluaci\u00f3n de Impacto Arqueol\u00f3gico $120.000.<\/p>\n<p>Los honorarios sugeridos quedan a decisi\u00f3n del profesional en funci\u00f3n de las caracter\u00edsticas del impacto a evaluar (monitoreo, l\u00ednea de base, superficie a prospectar, duraci\u00f3n y ubicaci\u00f3n de la obra, entre otras).\u00a0\u00a0<\/p>\n<p>\u00a0<\/p>\n<p><!-- \/wp:paragraph --><\/p>\n<p>\u00a0<\/p>\n<p>\n<div class=\"wpcf7 no-js\" id=\"wpcf7-f145-o1\" lang=\"es-AR\" dir=\"ltr\" data-wpcf7-id=\"145\">\n<div class=\"screen-reader-response\"><p role=\"status\" aria-live=\"polite\" aria-atomic=\"true\"><\/p> <ul><\/ul><\/div>\n<form action=\"\/index.php?rest_route=%2Fwp%2Fv2%2Fpages%2F68#wpcf7-f145-o1\" method=\"post\" class=\"wpcf7-form init\" aria-label=\"Formulario de contacto\" enctype=\"multipart\/form-data\" novalidate=\"novalidate\" data-status=\"init\">\n<fieldset class=\"hidden-fields-container\"><input type=\"hidden\" name=\"_wpcf7\" value=\"145\" \/><input type=\"hidden\" name=\"_wpcf7_version\" value=\"6.1.1\" \/><input type=\"hidden\" name=\"_wpcf7_locale\" value=\"es_AR\" \/><input type=\"hidden\" name=\"_wpcf7_unit_tag\" value=\"wpcf7-f145-o1\" \/><input type=\"hidden\" name=\"_wpcf7_container_post\" value=\"0\" \/><input type=\"hidden\" name=\"_wpcf7_posted_data_hash\" value=\"\" \/>\n<\/fieldset>\n<p><label> Tu nombre<br \/>\n<span class=\"wpcf7-form-control-wrap\" data-name=\"your-name\"><input size=\"40\" maxlength=\"400\" class=\"wpcf7-form-control wpcf7-text wpcf7-validates-as-required\" autocomplete=\"name\" aria-required=\"true\" aria-invalid=\"false\" value=\"\" type=\"text\" name=\"your-name\" \/><\/span> <\/label>\n<\/p>\n<p><label> Tu correo electr\u00f3nico<br \/>\n<span class=\"wpcf7-form-control-wrap\" data-name=\"your-email\"><input size=\"40\" maxlength=\"400\" class=\"wpcf7-form-control wpcf7-email wpcf7-validates-as-required wpcf7-text wpcf7-validates-as-email\" autocomplete=\"email\" aria-required=\"true\" aria-invalid=\"false\" value=\"\" type=\"email\" name=\"your-email\" \/><\/span> <\/label>\n<\/p>\n<p><label> Tu n\u00famero de tel\u00e9fono<br \/>\n<span class=\"wpcf7-form-control-wrap\" data-name=\"tel-328\"><input size=\"40\" maxlength=\"400\" class=\"wpcf7-form-control wpcf7-tel wpcf7-validates-as-required wpcf7-text wpcf7-validates-as-tel\" aria-required=\"true\" aria-invalid=\"false\" value=\"\" type=\"tel\" name=\"tel-328\" \/><\/span> <\/label>\n<\/p>\n<p><label> Empresa u organismo al que representa<br \/>\n<span class=\"wpcf7-form-control-wrap\" data-name=\"your-subject\"><input size=\"40\" maxlength=\"400\" class=\"wpcf7-form-control wpcf7-text wpcf7-validates-as-required\" aria-required=\"true\" aria-invalid=\"false\" value=\"\" type=\"text\" name=\"your-subject\" \/><\/span> <\/label>\n<\/p>\n<p>Provincia:<br \/>\n<span class=\"wpcf7-form-control-wrap\" data-name=\"menu-415\"><select class=\"wpcf7-form-control wpcf7-select wpcf7-validates-as-required\" aria-required=\"true\" aria-invalid=\"false\" name=\"menu-415\"><option value=\"Buenos Aires\">Buenos Aires<\/option><option value=\"Ciudad Aut\u00f3noma de Buenos Aires\">Ciudad Aut\u00f3noma de Buenos Aires<\/option><option value=\"Catamarca\">Catamarca<\/option><option value=\"Chaco\">Chaco<\/option><option value=\"Chubut\">Chubut<\/option><option value=\"C\u00f3rdoba\">C\u00f3rdoba<\/option><option value=\"Corrientes\">Corrientes<\/option><option value=\"Entre R\u00edos\">Entre R\u00edos<\/option><option value=\"Formosa\">Formosa<\/option><option value=\"Jujuy\">Jujuy<\/option><option value=\"La Pampa\">La Pampa<\/option><option value=\"La Rioja\">La Rioja<\/option><option value=\"Mendoza\">Mendoza<\/option><option value=\"Misiones\">Misiones<\/option><option value=\"Neuqu\u00e9n\">Neuqu\u00e9n<\/option><option value=\"R\u00edo Negro\">R\u00edo Negro<\/option><option value=\"Salta\">Salta<\/option><option value=\"San Juan\">San Juan<\/option><option value=\"San Luis\">San Luis<\/option><option value=\"Santa Cruz\">Santa Cruz<\/option><option value=\"Santa Fe\">Santa Fe<\/option><option value=\"Santiago del Estero\">Santiago del Estero<\/option><option value=\"Tierra del Fuego, Ant\u00e1rtida e Islas del Atl\u00e1ntico Sur\">Tierra del Fuego, Ant\u00e1rtida e Islas del Atl\u00e1ntico Sur<\/option><option value=\"Tucum\u00e1n\">Tucum\u00e1n<\/option><\/select><\/span>\n<\/p>\n<p><label> Tu mensaje (opcional)<br \/>\n<span class=\"wpcf7-form-control-wrap\" data-name=\"your-message\"><textarea cols=\"40\" rows=\"10\" maxlength=\"2000\" class=\"wpcf7-form-control wpcf7-textarea\" aria-invalid=\"false\" name=\"your-message\"><\/textarea><\/span> <\/label>\n<\/p>\n<p><label> Adjuntar archivos (opcional)<br \/>\n<span class=\"wpcf7-form-control-wrap\" data-name=\"file-717\"><input size=\"40\" class=\"wpcf7-form-control wpcf7-file\" accept=\".pdf\" aria-invalid=\"false\" type=\"file\" name=\"file-717\" \/><\/span><br \/>\n<input type=\"hidden\" name=\"_wpcf7_captcha_challenge_captcha-170\" value=\"439413277\" \/><img decoding=\"async\" class=\"wpcf7-form-control wpcf7-captchac wpcf7-captcha-captcha-170\" width=\"72\" height=\"24\" alt=\"captcha\" src=\"https:\/\/aapra.org.ar\/wp-content\/uploads\/wpcf7_captcha\/439413277.png\" \/><br \/>\n<span class=\"wpcf7-form-control-wrap\" data-name=\"captcha-170\"><input size=\"4\" maxlength=\"4\" class=\"wpcf7-form-control wpcf7-captchar\" autocomplete=\"off\" aria-invalid=\"false\" value=\"\" type=\"text\" name=\"captcha-170\" \/><\/span><br \/>\nIngres\u00e1 el c\u00f3digo de cuatro d\u00edgitos<br \/>\n<input class=\"wpcf7-form-control wpcf7-submit has-spinner\" type=\"submit\" value=\"Enviar\" \/><\/label>\n<\/p><p style=\"display: none !important;\" class=\"akismet-fields-container\" data-prefix=\"_wpcf7_ak_\"><label>&#916;<textarea name=\"_wpcf7_ak_hp_textarea\" cols=\"45\" rows=\"8\" maxlength=\"100\"><\/textarea><\/label><input type=\"hidden\" id=\"ak_js_1\" name=\"_wpcf7_ak_js\" value=\"100\"\/><script>document.getElementById( \"ak_js_1\" ).setAttribute( \"value\", ( new Date() ).getTime() );<\/script><\/p><div class=\"wpcf7-response-output\" aria-hidden=\"true\"><\/div>\n<\/form>\n<\/div>\n<br \/><!-- \/wp:shortcode --><\/p>\t\t\t\t\t\t\t\t<\/div>\n\t\t\t\t<\/div>\n\t\t\t\t\t<\/div>\n\t\t\t\t<\/div>\n\t\t\t\t<\/div>\n\t\t","protected":false},"excerpt":{"rendered":"<p>La Asociaci\u00f3n de Arque\u00f3logos Profesionales de la Rep\u00fablica Argentina (AAPRA) gestiona y difunde el Directorio de Asociados para empresas y organismos que requieran relevamientos de impacto.\u00a0 A requerimiento de los solicitantes, la AAPRA brinda una tabla din\u00e1mica con datos de profesionales de la Arqueolog\u00eda seg\u00fan sus conocimientos, zona geogr\u00e1fica o \u00e1rea de experiencia. Para acceder&#8230;<\/p>\n","protected":false},"author":1,"featured_media":0,"parent":0,"menu_order":0,"comment_status":"closed","ping_status":"closed","template":"","meta":{"footnotes":""},"class_list":["post-68","page","type-page","status-publish","hentry"],"_links":{"self":[{"href":"https:\/\/aapra.org.ar\/index.php?rest_route=\/wp\/v2\/pages\/68","targetHints":{"allow":["GET"]}}],"collection":[{"href":"https:\/\/aapra.org.ar\/index.php?rest_route=\/wp\/v2\/pages"}],"about":[{"href":"https:\/\/aapra.org.ar\/index.php?rest_route=\/wp\/v2\/types\/page"}],"author":[{"embeddable":true,"href":"https:\/\/aapra.org.ar\/index.php?rest_route=\/wp\/v2\/users\/1"}],"replies":[{"embeddable":true,"href":"https:\/\/aapra.org.ar\/index.php?rest_route=%2Fwp%2Fv2%2Fcomments&post=68"}],"version-history":[{"count":39,"href":"https:\/\/aapra.org.ar\/index.php?rest_route=\/wp\/v2\/pages\/68\/revisions"}],"predecessor-version":[{"id":1011,"href":"https:\/\/aapra.org.ar\/index.php?rest_route=\/wp\/v2\/pages\/68\/revisions\/1011"}],"wp:attachment":[{"href":"https:\/\/aapra.org.ar\/index.php?rest_route=%2Fwp%2Fv2%2Fmedia&parent=68"}],"curies":[{"name":"wp","href":"https:\/\/api.w.org\/{rel}","templated":true}]}}