{"id":70,"date":"2023-09-20T10:56:15","date_gmt":"2023-09-20T13:56:15","guid":{"rendered":"https:\/\/aapra.org.ar\/?page_id=70"},"modified":"2026-03-14T10:29:41","modified_gmt":"2026-03-14T13:29:41","slug":"asociarse","status":"publish","type":"page","link":"https:\/\/aapra.org.ar\/?page_id=70","title":{"rendered":"Socios"},"content":{"rendered":"\t\t<div data-elementor-type=\"wp-page\" data-elementor-id=\"70\" class=\"elementor elementor-70\" data-elementor-post-type=\"page\">\n\t\t\t\t<div class=\"elementor-element elementor-element-df89432 e-con-full e-flex e-con e-parent\" data-id=\"df89432\" data-element_type=\"container\" data-settings=\"{&quot;shape_divider_bottom&quot;:&quot;arrow&quot;}\">\n\t\t\t\t<div class=\"elementor-shape elementor-shape-bottom\" aria-hidden=\"true\" data-negative=\"false\">\n\t\t\t<svg xmlns=\"http:\/\/www.w3.org\/2000\/svg\" viewBox=\"0 0 700 10\" preserveAspectRatio=\"none\">\n\t<path class=\"elementor-shape-fill\" d=\"M350,10L340,0h20L350,10z\"\/>\n<\/svg>\t\t<\/div>\n\t\t<div class=\"elementor-element elementor-element-c77e25d e-con-full e-flex e-con e-child\" data-id=\"c77e25d\" data-element_type=\"container\">\n\t\t\t\t<div class=\"elementor-element elementor-element-d08dcb0 elementor-widget elementor-widget-text-editor\" data-id=\"d08dcb0\" data-element_type=\"widget\" data-widget_type=\"text-editor.default\">\n\t\t\t\t<div class=\"elementor-widget-container\">\n\t\t\t\t\t\t\t\t\t<h2 style=\"letter-spacing: 0.1px; word-spacing: 1px;\">Asociarse<\/h2><h3 style=\"letter-spacing: 0.1px; word-spacing: 1px;\">Inscripci\u00f3n<\/h3><p style=\"letter-spacing: 0.1px; word-spacing: 1px;\"><span style=\"text-decoration-line: underline; color: #3366ff;\"><a style=\"color: #3366ff;\" href=\"https:\/\/aapra.org.ar\/wp-content\/uploads\/2026\/03\/Ficha_Inscripcion_AAPRA_redisenada.docx\" target=\"_blank\" rel=\"noreferrer noopener\"><span style=\"font-weight: bold;\">Ficha_Inscripcion_AAPRA<\/span><\/a><\/span><\/p><p style=\"letter-spacing: 0.1px; word-spacing: 1px;\">Completar el archivo word \u201cFicha de Inscripci\u00f3n\u201d y enviar a la casilla de email\u00a0<span style=\"text-decoration-line: underline; color: #3366ff;\"><a style=\"color: #3366ff;\" href=\"mailto:contacto@aapra.org.ar\">contacto@aapra.org.ar<\/a><\/span>\u00a0acompa\u00f1ada de la siguiente documentaci\u00f3n:<\/p><ol><li><span style=\"font-weight: bold;\">T\u00edtulo de grado<\/span> del postulante (archivo digitalizado).<\/li><li><strong><em>Curriculum Vitae<\/em><\/strong><span style=\"letter-spacing: 0.1px; word-spacing: 1px;\">\u00a0del postulante (archivo digitalizado)<\/span><\/li><\/ol><h3 style=\"letter-spacing: 0.1px; word-spacing: 1px;\">Cuota<\/h3><p style=\"letter-spacing: 0.1px; word-spacing: 1px;\">Valor de la Cuota anual correspondiente a 2026: $50000 (hasta el 30\/06\/2026, luego se indexar\u00e1 por un porcentaje que se informar\u00e1 oportunamente).<\/p><h3 style=\"letter-spacing: 0.1px; word-spacing: 1px;\">Descuentos<\/h3><p style=\"letter-spacing: 0.1px; word-spacing: 1px;\"><b>Para quienes se suscriban al d\u00e9bito autom\u00e1tico anual, obtendr\u00e1n el 15% de descuento<\/b><b>.<\/b> Pueden obtenerlo en el siguiente link de Mercado Pago <span style=\"text-decoration-line: underline; color: #3366ff;\"><a style=\"color: #3366ff;\" href=\"https:\/\/www.mercadopago.com.ar\/subscriptions\/checkout?preapproval_plan_id=2c9380847679987b01767bcbb9c6009d\" target=\"_blank\" rel=\"noreferrer noopener\">http:\/\/mpago.la\/2EguiDg<\/a><\/span><\/p><h4 style=\"letter-spacing: 0.1px; word-spacing: 1px;\">Descuentos especiales<\/h4><ul><li><span style=\"font-weight: bold;\">Graduados recientes<\/span>: con menos de 5 a\u00f1os del momento de su graduaci\u00f3n <b>obtienen un descuento del 50%.<\/b><\/li><\/ul><ul><li><span style=\"font-weight: bold;\">Colegio de graduados<\/span>: para aquellos asociados que se encuentren matriculados en un colegio profesional provincial se encuentra vigente una\u00a0<span style=\"font-weight: bold;\">bonificaci\u00f3n del 50%<\/span>\u00a0en el valor de la cuota anual. Acreditar de tal condici\u00f3n a trav\u00e9s de un e-mail a\u00a0<span style=\"text-decoration-line: underline; color: #3366ff;\"><a style=\"color: #3366ff;\" href=\"mailto:tesoreria@aapra.org.ar\" target=\"_blank\" rel=\"noreferrer noopener\"><span style=\"font-weight: bold;\">tesoreria@aapra.org.ar<\/span><\/a><\/span><\/li><\/ul><ul><li><span style=\"font-weight: bold;\">Convivientes<\/span>: aquellas parejas que acrediten convivencia o matrimonio acceder\u00e1n a un\u00a0<span style=\"font-weight: bold;\">25% de descuento<\/span>\u00a0en el valor de la cuota de cada asociado.<\/li><\/ul>\t\t\t\t\t\t\t\t<\/div>\n\t\t\t\t<\/div>\n\t\t\t\t<\/div>\n\t\t<div class=\"elementor-element elementor-element-0452823 e-con-full e-flex e-con e-child\" data-id=\"0452823\" data-element_type=\"container\">\n\t\t\t\t<div class=\"elementor-element elementor-element-2597145 elementor-widget elementor-widget-text-editor\" data-id=\"2597145\" data-element_type=\"widget\" data-widget_type=\"text-editor.default\">\n\t\t\t\t<div class=\"elementor-widget-container\">\n\t\t\t\t\t\t\t\t\t<h2 class=\"wp-block-heading\" style=\"letter-spacing: 0.1px; word-spacing: 1px;\">Formas de pago<\/h2><h3 class=\"wp-block-heading\" style=\"letter-spacing: 0.1px; word-spacing: 1px;\">* Dep\u00f3sito<\/h3><p style=\"letter-spacing: 0.1px; word-spacing: 1px;\">Se puede abonar la cuota societaria anual realizando una transferencia desde su cuenta bancaria a la de la AAPRA a trav\u00e9s del sistema e-banking de su banco.\u00a0<\/p><p style=\"letter-spacing: 0.1px; word-spacing: 1px;\"><span style=\"font-weight: bold;\">Datos bancarios de AAPRA<\/span><\/p><p style=\"letter-spacing: 0.1px; word-spacing: 1px;\">Datos Bancarios <br \/>Banco de Galicia <br \/>Cuenta Corriente N\u00b0 0064675-2 999-9<br \/>Alias: lasca.tiesto.hueso <br \/>Titular: Asociaci\u00f3n de Arque\u00f3logos Profesionales de la Rep\u00fablica<br \/>Argentina (AAPRA) <br \/>CUIT: 30-71085897-3 <br \/>CBU: 0070999020000064675293<\/p><p style=\"letter-spacing: 0.1px; word-spacing: 1px;\">Se debe enviar un mail a\u00a0<span style=\"text-decoration-line: underline; color: #3366ff;\"><a style=\"color: #3366ff;\" href=\"mailto:tesoreria@aapra.org.ar\" target=\"_blank\" rel=\"noreferrer noopener\"><span style=\"font-weight: bold;\">tesoreria@aapra.org.ar<\/span><\/a><\/span>\u00a0con el comprobante de la transferencia \/ dep\u00f3sito para un correcto registro del pago.<\/p><h3 class=\"wp-block-heading\" style=\"letter-spacing: 0.1px; word-spacing: 1px;\">* Personalmente<\/h3><p style=\"letter-spacing: 0.1px; word-spacing: 1px;\">En forma personal a alguno de los integrantes de la Comisi\u00f3n Directiva en sus lugares de trabajo, excepto los Revisores de Cuentas.<\/p><h3 class=\"wp-block-heading\" style=\"letter-spacing: 0.1px; word-spacing: 1px;\">* Mercado Pago<\/h3><p style=\"letter-spacing: 0.1px; word-spacing: 1px;\">Se puede efectuar el pago mediante la billetera virtual de Mercado Pago\u00a0<span style=\"color: #3366ff;\"><a style=\"color: #3366ff;\" href=\"https:\/\/mpago.la\/2YgbRrA\" target=\"_blank\" rel=\"noreferrer noopener\">haciendo\u00a0clic aqu\u00ed<\/a>.<\/span><\/p><p>Tambi\u00e9n se puede hacer una transferencia al CVU de Mercado Pago.\u00a0<\/p><p>CVU: <strong>izar.silo.taco.mp<\/strong><\/p><p style=\"letter-spacing: 0.1px; word-spacing: 1px;\">Para m\u00e1s informaci\u00f3n sobre este medio de pago, contactar a\u00a0<span style=\"text-decoration-line: underline; color: #3366ff;\"><a style=\"color: #3366ff;\" href=\"mailto:tesoreria@aapra.org.ar\" target=\"_blank\" rel=\"noreferrer noopener\">tesoreria@aapra.org.ar<\/a><\/span><\/p>\t\t\t\t\t\t\t\t<\/div>\n\t\t\t\t<\/div>\n\t\t\t\t<div class=\"elementor-element elementor-element-4d9b0e3 elementor-widget elementor-widget-image\" data-id=\"4d9b0e3\" data-element_type=\"widget\" data-widget_type=\"image.default\">\n\t\t\t\t<div class=\"elementor-widget-container\">\n\t\t\t\t\t\t\t\t\t\t\t\t\t\t\t\t<a href=\"https:\/\/www.mercadopago.com.ar\/subscriptions\/checkout?preapproval_plan_id=2c9380847679987b01767bcbb9c6009d\" target=\"_blank\" rel=\"nofollow\">\n\t\t\t\t\t\t\t<img decoding=\"async\" width=\"300\" height=\"142\" src=\"https:\/\/aapra.org.ar\/wp-content\/uploads\/2023\/09\/1568900826603blob.png\" class=\"attachment-medium size-medium wp-image-28\" alt=\"Bot\u00f3n de pago MP\" \/>\t\t\t\t\t\t\t\t<\/a>\n\t\t\t\t\t\t\t\t\t\t\t\t\t\t\t<\/div>\n\t\t\t\t<\/div>\n\t\t\t\t<\/div>\n\t\t\t\t<\/div>\n\t\t\t\t<\/div>\n\t\t","protected":false},"excerpt":{"rendered":"<p>Asociarse Inscripci\u00f3n Ficha_Inscripcion_AAPRA Completar el archivo word \u201cFicha de Inscripci\u00f3n\u201d y enviar a la casilla de email\u00a0contacto@aapra.org.ar\u00a0acompa\u00f1ada de la siguiente documentaci\u00f3n: T\u00edtulo de grado del postulante (archivo digitalizado). Curriculum Vitae\u00a0del postulante (archivo digitalizado) Cuota Valor de la Cuota anual correspondiente a 2026: $50000 (hasta el 30\/06\/2026, luego se indexar\u00e1 por un porcentaje que se informar\u00e1&#8230;<\/p>\n","protected":false},"author":1,"featured_media":0,"parent":0,"menu_order":0,"comment_status":"closed","ping_status":"closed","template":"","meta":{"footnotes":""},"class_list":["post-70","page","type-page","status-publish","hentry"],"_links":{"self":[{"href":"https:\/\/aapra.org.ar\/index.php?rest_route=\/wp\/v2\/pages\/70","targetHints":{"allow":["GET"]}}],"collection":[{"href":"https:\/\/aapra.org.ar\/index.php?rest_route=\/wp\/v2\/pages"}],"about":[{"href":"https:\/\/aapra.org.ar\/index.php?rest_route=\/wp\/v2\/types\/page"}],"author":[{"embeddable":true,"href":"https:\/\/aapra.org.ar\/index.php?rest_route=\/wp\/v2\/users\/1"}],"replies":[{"embeddable":true,"href":"https:\/\/aapra.org.ar\/index.php?rest_route=%2Fwp%2Fv2%2Fcomments&post=70"}],"version-history":[{"count":76,"href":"https:\/\/aapra.org.ar\/index.php?rest_route=\/wp\/v2\/pages\/70\/revisions"}],"predecessor-version":[{"id":1219,"href":"https:\/\/aapra.org.ar\/index.php?rest_route=\/wp\/v2\/pages\/70\/revisions\/1219"}],"wp:attachment":[{"href":"https:\/\/aapra.org.ar\/index.php?rest_route=%2Fwp%2Fv2%2Fmedia&parent=70"}],"curies":[{"name":"wp","href":"https:\/\/api.w.org\/{rel}","templated":true}]}}