{"id":72,"date":"2023-09-20T10:56:36","date_gmt":"2023-09-20T13:56:36","guid":{"rendered":"https:\/\/aapra.org.ar\/?page_id=72"},"modified":"2026-01-26T09:56:59","modified_gmt":"2026-01-26T12:56:59","slug":"nosotros","status":"publish","type":"page","link":"https:\/\/aapra.org.ar\/?page_id=72","title":{"rendered":"Nosotros"},"content":{"rendered":"\t\t<div data-elementor-type=\"wp-page\" data-elementor-id=\"72\" class=\"elementor elementor-72\" data-elementor-post-type=\"page\">\n\t\t\t\t<div class=\"elementor-element elementor-element-72b2878a e-flex e-con-boxed e-con e-parent\" data-id=\"72b2878a\" data-element_type=\"container\">\n\t\t\t\t\t<div class=\"e-con-inner\">\n\t\t\t\t<div class=\"elementor-element elementor-element-2d32b215 elementor-widget elementor-widget-text-editor\" data-id=\"2d32b215\" data-element_type=\"widget\" data-widget_type=\"text-editor.default\">\n\t\t\t\t<div class=\"elementor-widget-container\">\n\t\t\t\t\t\t\t\t\t<p style=\"font-size: 17px; text-align: justify;\">La Asociaci\u00f3n de Arque\u00f3logos Profesionales de la Rep\u00fablica Argentina (AAPRA) se constituy\u00f3 formalmente como asociaci\u00f3n civil sin fines de lucro el 26 de Septiembre del 2000, un a\u00f1o despu\u00e9s de una primera reuni\u00f3n fundacional concretada durante el XII Congreso Nacional de Arqueolog\u00eda de C\u00f3rdoba realizado del 4 al 8 de octubre de 1999. Su personer\u00eda jur\u00eddica se obtuvo en julio de 2001 (Res. I.G.J. N\u00b0 000564).<\/p>\n<p style=\"font-size: 17px; text-align: justify;\">La meta principal de nuestra instituci\u00f3n es conformar un \u00f3rgano de representaci\u00f3n de los arque\u00f3logos profesionales de la Argentina que regule y supervise el ejercicio de su profesi\u00f3n y defienda a sus miembros ante situaciones conflictivas o que pongan en riesgo la concreci\u00f3n de diversas tareas relacionadas con sus incumbencias espec\u00edficas.<\/p>\n<p style=\"font-size: 17px; text-align: justify;\">Asimismo, la AAPRA aspira a colaborar con la formaci\u00f3n cient\u00edfica, t\u00e9cnica y docente de los arque\u00f3logos profesionales; propiciar gestiones necesarias para preservar y poner en valor el patrimonio arqueol\u00f3gico y fomentar que los resultados de las investigaciones sean conocidos no s\u00f3lo en los \u00e1mbitos acad\u00e9micos nacionales e internacionales sino tambi\u00e9n por la poblaci\u00f3n en general. Todas estas acciones redundar\u00e1n en el progreso de la Arqueolog\u00eda argentina en sus distintos aspectos.<\/p>\n<p style=\"font-size: 17px; font-style: normal; font-weight: 400; text-align: center;\">\u00a0<\/p>\n<p style=\"text-align: center;\"><!-- \/wp:paragraph --><!-- wp:paragraph {\"align\":\"center\",\"style\":{\"typography\":{\"textDecoration\":\"underline\"}}} --><\/p>\n<p style=\"text-decoration: underline; text-align: center;\"><strong>Comisi\u00f3n Directiva<\/strong><\/p>\n<p style=\"text-align: center;\"><!-- \/wp:paragraph --><!-- wp:paragraph {\"align\":\"center\"} --><\/p>\n<div style=\"text-align: center;\">Presidenta: <strong>Anal\u00eda Garc\u00eda<\/strong><\/div>\n<div style=\"text-align: center;\">Vicepresidenta: <strong>Cristina Bellelli<\/strong><\/div>\n<div style=\"text-align: center;\">Secretaria: <strong>Violeta Killian Galv\u00e1n<\/strong><\/div>\n<div style=\"text-align: center;\">Tesorera: <strong>Mar\u00eda Teresa Civalero<\/strong><\/div>\n<div style=\"text-align: center;\">1ra vocal Titular: <strong>Lorena Puebla<\/strong><\/div>\n<div style=\"text-align: center;\">2da vocal Titular: <strong>Elina Albarr\u00e1n<\/strong><\/div>\n<div style=\"text-align: center;\">3ra vocal Titular: <strong>Gabriela Guraieb<\/strong>\n<div style=\"text-align: center;\">1er vocal suplente: <strong>Gustavo Spadoni<\/strong><\/div>\n<div style=\"text-align: center;\">2da vocal suplente: <strong>Mirella S. Lauricella<\/strong><\/div>\n<div style=\"text-align: center;\">3er vocal suplente: <strong>Mart\u00edn V\u00e1zquez<span style=\"letter-spacing: 0px;\">\u00a0<\/span><\/strong><\/div>\n<\/div>\n<div>\n<div style=\"text-align: center;\">Revisora de cuentas titular: <strong>Mar\u00eda P\u00eda Falchi<\/strong><\/div>\n<\/div>\n<div style=\"text-align: center;\">Revisor de cuentas suplente: <strong>Marcelo Weissel<\/strong><\/div>\n<p>\u00a0<\/p>\n<p style=\"text-align: center;\"><span style=\"text-decoration: underline; color: #0000ff;\"><a style=\"color: #0000ff;\" href=\"mailto:contacto@aapra.org.ar\">contacto@aapra.org.ar<\/a><\/span><\/p>\n<p><!-- \/wp:paragraph --><\/p>\t\t\t\t\t\t\t\t<\/div>\n\t\t\t\t<\/div>\n\t\t\t\t\t<\/div>\n\t\t\t\t<\/div>\n\t\t<div class=\"elementor-element elementor-element-572ad3b e-flex e-con-boxed e-con e-parent\" data-id=\"572ad3b\" data-element_type=\"container\">\n\t\t\t\t\t<div class=\"e-con-inner\">\n\t\t\t\t<div class=\"elementor-element elementor-element-048ff1c elementor-widget-divider--view-line elementor-widget elementor-widget-divider\" data-id=\"048ff1c\" data-element_type=\"widget\" data-widget_type=\"divider.default\">\n\t\t\t\t<div class=\"elementor-widget-container\">\n\t\t\t\t\t\t\t<div class=\"elementor-divider\">\n\t\t\t<span class=\"elementor-divider-separator\">\n\t\t\t\t\t\t<\/span>\n\t\t<\/div>\n\t\t\t\t\t\t<\/div>\n\t\t\t\t<\/div>\n\t\t\t\t\t<\/div>\n\t\t\t\t<\/div>\n\t\t<div class=\"elementor-element elementor-element-659b54c e-flex e-con-boxed e-con e-parent\" data-id=\"659b54c\" data-element_type=\"container\">\n\t\t\t\t\t<div class=\"e-con-inner\">\n\t\t<div class=\"elementor-element elementor-element-dc48954 e-con-full e-flex e-con e-child\" data-id=\"dc48954\" data-element_type=\"container\">\n\t\t\t\t<div class=\"elementor-element elementor-element-35a0af7 elementor-widget elementor-widget-image\" data-id=\"35a0af7\" data-element_type=\"widget\" data-widget_type=\"image.default\">\n\t\t\t\t<div class=\"elementor-widget-container\">\n\t\t\t\t\t\t\t\t\t\t\t\t<figure class=\"wp-caption\">\n\t\t\t\t\t\t\t\t\t\t<img fetchpriority=\"high\" decoding=\"async\" width=\"640\" height=\"800\" src=\"https:\/\/aapra.org.ar\/wp-content\/uploads\/2026\/01\/15-819x1024.png\" class=\"attachment-large size-large wp-image-1158\" alt=\"\" srcset=\"https:\/\/aapra.org.ar\/wp-content\/uploads\/2026\/01\/15-819x1024.png 819w, https:\/\/aapra.org.ar\/wp-content\/uploads\/2026\/01\/15-240x300.png 240w, https:\/\/aapra.org.ar\/wp-content\/uploads\/2026\/01\/15-768x960.png 768w, https:\/\/aapra.org.ar\/wp-content\/uploads\/2026\/01\/15-300x375.png 300w, https:\/\/aapra.org.ar\/wp-content\/uploads\/2026\/01\/15-850x1063.png 850w, https:\/\/aapra.org.ar\/wp-content\/uploads\/2026\/01\/15.png 1080w\" sizes=\"(max-width: 640px) 100vw, 640px\" \/>\t\t\t\t\t\t\t\t\t\t\t<figcaption class=\"widget-image-caption wp-caption-text\">Anal\u00eda Garc\u00eda<\/figcaption>\n\t\t\t\t\t\t\t\t\t\t<\/figure>\n\t\t\t\t\t\t\t\t\t<\/div>\n\t\t\t\t<\/div>\n\t\t\t\t<\/div>\n\t\t<div class=\"elementor-element elementor-element-48e5967 e-con-full e-flex e-con e-child\" data-id=\"48e5967\" data-element_type=\"container\">\n\t\t\t\t<div class=\"elementor-element elementor-element-4ba36bb elementor-widget elementor-widget-image\" data-id=\"4ba36bb\" data-element_type=\"widget\" data-widget_type=\"image.default\">\n\t\t\t\t<div class=\"elementor-widget-container\">\n\t\t\t\t\t\t\t\t\t\t\t\t<figure class=\"wp-caption\">\n\t\t\t\t\t\t\t\t\t\t<img decoding=\"async\" width=\"640\" height=\"800\" src=\"https:\/\/aapra.org.ar\/wp-content\/uploads\/2026\/01\/16-819x1024.png\" class=\"attachment-large size-large wp-image-1159\" alt=\"\" srcset=\"https:\/\/aapra.org.ar\/wp-content\/uploads\/2026\/01\/16-819x1024.png 819w, https:\/\/aapra.org.ar\/wp-content\/uploads\/2026\/01\/16-240x300.png 240w, https:\/\/aapra.org.ar\/wp-content\/uploads\/2026\/01\/16-768x960.png 768w, https:\/\/aapra.org.ar\/wp-content\/uploads\/2026\/01\/16-300x375.png 300w, https:\/\/aapra.org.ar\/wp-content\/uploads\/2026\/01\/16-850x1063.png 850w, https:\/\/aapra.org.ar\/wp-content\/uploads\/2026\/01\/16.png 1080w\" sizes=\"(max-width: 640px) 100vw, 640px\" \/>\t\t\t\t\t\t\t\t\t\t\t<figcaption class=\"widget-image-caption wp-caption-text\">Cristina Bellelli<\/figcaption>\n\t\t\t\t\t\t\t\t\t\t<\/figure>\n\t\t\t\t\t\t\t\t\t<\/div>\n\t\t\t\t<\/div>\n\t\t\t\t<\/div>\n\t\t<div class=\"elementor-element elementor-element-0c7e1d1 e-con-full e-flex e-con e-child\" data-id=\"0c7e1d1\" data-element_type=\"container\">\n\t\t\t\t<div class=\"elementor-element elementor-element-718d750 elementor-widget elementor-widget-image\" data-id=\"718d750\" data-element_type=\"widget\" data-widget_type=\"image.default\">\n\t\t\t\t<div class=\"elementor-widget-container\">\n\t\t\t\t\t\t\t\t\t\t\t\t<figure class=\"wp-caption\">\n\t\t\t\t\t\t\t\t\t\t<img decoding=\"async\" width=\"640\" height=\"800\" src=\"https:\/\/aapra.org.ar\/wp-content\/uploads\/2026\/01\/17-819x1024.png\" class=\"attachment-large size-large wp-image-1160\" alt=\"\" srcset=\"https:\/\/aapra.org.ar\/wp-content\/uploads\/2026\/01\/17-819x1024.png 819w, https:\/\/aapra.org.ar\/wp-content\/uploads\/2026\/01\/17-240x300.png 240w, https:\/\/aapra.org.ar\/wp-content\/uploads\/2026\/01\/17-768x960.png 768w, https:\/\/aapra.org.ar\/wp-content\/uploads\/2026\/01\/17-300x375.png 300w, https:\/\/aapra.org.ar\/wp-content\/uploads\/2026\/01\/17-850x1063.png 850w, https:\/\/aapra.org.ar\/wp-content\/uploads\/2026\/01\/17.png 1080w\" sizes=\"(max-width: 640px) 100vw, 640px\" \/>\t\t\t\t\t\t\t\t\t\t\t<figcaption class=\"widget-image-caption wp-caption-text\">Violeta Killian Galv\u00e1n<\/figcaption>\n\t\t\t\t\t\t\t\t\t\t<\/figure>\n\t\t\t\t\t\t\t\t\t<\/div>\n\t\t\t\t<\/div>\n\t\t\t\t<\/div>\n\t\t<div class=\"elementor-element elementor-element-4def9b1 e-con-full e-flex e-con e-child\" data-id=\"4def9b1\" data-element_type=\"container\">\n\t\t\t\t<div class=\"elementor-element elementor-element-52a2c0f elementor-widget elementor-widget-image\" data-id=\"52a2c0f\" data-element_type=\"widget\" data-widget_type=\"image.default\">\n\t\t\t\t<div class=\"elementor-widget-container\">\n\t\t\t\t\t\t\t\t\t\t\t\t<figure class=\"wp-caption\">\n\t\t\t\t\t\t\t\t\t\t<img loading=\"lazy\" decoding=\"async\" width=\"640\" height=\"800\" src=\"https:\/\/aapra.org.ar\/wp-content\/uploads\/2026\/01\/18-819x1024.png\" class=\"attachment-large size-large wp-image-1161\" alt=\"\" srcset=\"https:\/\/aapra.org.ar\/wp-content\/uploads\/2026\/01\/18-819x1024.png 819w, https:\/\/aapra.org.ar\/wp-content\/uploads\/2026\/01\/18-240x300.png 240w, https:\/\/aapra.org.ar\/wp-content\/uploads\/2026\/01\/18-768x960.png 768w, https:\/\/aapra.org.ar\/wp-content\/uploads\/2026\/01\/18-300x375.png 300w, https:\/\/aapra.org.ar\/wp-content\/uploads\/2026\/01\/18-850x1063.png 850w, https:\/\/aapra.org.ar\/wp-content\/uploads\/2026\/01\/18.png 1080w\" sizes=\"(max-width: 640px) 100vw, 640px\" \/>\t\t\t\t\t\t\t\t\t\t\t<figcaption class=\"widget-image-caption wp-caption-text\">Mar\u00eda Teresa Civalero<\/figcaption>\n\t\t\t\t\t\t\t\t\t\t<\/figure>\n\t\t\t\t\t\t\t\t\t<\/div>\n\t\t\t\t<\/div>\n\t\t\t\t<\/div>\n\t\t\t\t\t<\/div>\n\t\t\t\t<\/div>\n\t\t<div class=\"elementor-element elementor-element-abe0256 e-con-full e-flex e-con e-parent\" data-id=\"abe0256\" data-element_type=\"container\">\n\t\t<div class=\"elementor-element elementor-element-92f0be3 e-con-full e-flex e-con e-child\" data-id=\"92f0be3\" data-element_type=\"container\">\n\t\t\t\t<div class=\"elementor-element elementor-element-f07f77b elementor-widget elementor-widget-image\" data-id=\"f07f77b\" data-element_type=\"widget\" data-widget_type=\"image.default\">\n\t\t\t\t<div class=\"elementor-widget-container\">\n\t\t\t\t\t\t\t\t\t\t\t\t<figure class=\"wp-caption\">\n\t\t\t\t\t\t\t\t\t\t<img loading=\"lazy\" decoding=\"async\" width=\"640\" height=\"800\" src=\"https:\/\/aapra.org.ar\/wp-content\/uploads\/2026\/01\/19-819x1024.png\" class=\"attachment-large size-large wp-image-1163\" alt=\"\" srcset=\"https:\/\/aapra.org.ar\/wp-content\/uploads\/2026\/01\/19-819x1024.png 819w, https:\/\/aapra.org.ar\/wp-content\/uploads\/2026\/01\/19-240x300.png 240w, https:\/\/aapra.org.ar\/wp-content\/uploads\/2026\/01\/19-768x960.png 768w, https:\/\/aapra.org.ar\/wp-content\/uploads\/2026\/01\/19-300x375.png 300w, https:\/\/aapra.org.ar\/wp-content\/uploads\/2026\/01\/19-850x1063.png 850w, https:\/\/aapra.org.ar\/wp-content\/uploads\/2026\/01\/19.png 1080w\" sizes=\"(max-width: 640px) 100vw, 640px\" \/>\t\t\t\t\t\t\t\t\t\t\t<figcaption class=\"widget-image-caption wp-caption-text\">Lorena Puebla<\/figcaption>\n\t\t\t\t\t\t\t\t\t\t<\/figure>\n\t\t\t\t\t\t\t\t\t<\/div>\n\t\t\t\t<\/div>\n\t\t\t\t<\/div>\n\t\t<div class=\"elementor-element elementor-element-d841447 e-con-full e-flex e-con e-child\" data-id=\"d841447\" data-element_type=\"container\">\n\t\t\t\t<div class=\"elementor-element elementor-element-32ed4f5 elementor-widget elementor-widget-image\" data-id=\"32ed4f5\" data-element_type=\"widget\" data-widget_type=\"image.default\">\n\t\t\t\t<div class=\"elementor-widget-container\">\n\t\t\t\t\t\t\t\t\t\t\t\t<figure class=\"wp-caption\">\n\t\t\t\t\t\t\t\t\t\t<img loading=\"lazy\" decoding=\"async\" width=\"640\" height=\"800\" src=\"https:\/\/aapra.org.ar\/wp-content\/uploads\/2026\/01\/20-819x1024.png\" class=\"attachment-large size-large wp-image-1164\" alt=\"\" srcset=\"https:\/\/aapra.org.ar\/wp-content\/uploads\/2026\/01\/20-819x1024.png 819w, https:\/\/aapra.org.ar\/wp-content\/uploads\/2026\/01\/20-240x300.png 240w, https:\/\/aapra.org.ar\/wp-content\/uploads\/2026\/01\/20-768x960.png 768w, https:\/\/aapra.org.ar\/wp-content\/uploads\/2026\/01\/20-300x375.png 300w, https:\/\/aapra.org.ar\/wp-content\/uploads\/2026\/01\/20-850x1063.png 850w, https:\/\/aapra.org.ar\/wp-content\/uploads\/2026\/01\/20.png 1080w\" sizes=\"(max-width: 640px) 100vw, 640px\" \/>\t\t\t\t\t\t\t\t\t\t\t<figcaption class=\"widget-image-caption wp-caption-text\">Elina Albarr\u00e1n<\/figcaption>\n\t\t\t\t\t\t\t\t\t\t<\/figure>\n\t\t\t\t\t\t\t\t\t<\/div>\n\t\t\t\t<\/div>\n\t\t\t\t<\/div>\n\t\t<div class=\"elementor-element elementor-element-20c2a4d e-con-full e-flex e-con e-child\" data-id=\"20c2a4d\" data-element_type=\"container\">\n\t\t\t\t<div class=\"elementor-element elementor-element-a3b28ae elementor-widget elementor-widget-image\" data-id=\"a3b28ae\" data-element_type=\"widget\" data-widget_type=\"image.default\">\n\t\t\t\t<div class=\"elementor-widget-container\">\n\t\t\t\t\t\t\t\t\t\t\t\t<figure class=\"wp-caption\">\n\t\t\t\t\t\t\t\t\t\t<img loading=\"lazy\" decoding=\"async\" width=\"640\" height=\"800\" src=\"https:\/\/aapra.org.ar\/wp-content\/uploads\/2026\/01\/21-819x1024.png\" class=\"attachment-large size-large wp-image-1165\" alt=\"\" srcset=\"https:\/\/aapra.org.ar\/wp-content\/uploads\/2026\/01\/21-819x1024.png 819w, https:\/\/aapra.org.ar\/wp-content\/uploads\/2026\/01\/21-240x300.png 240w, https:\/\/aapra.org.ar\/wp-content\/uploads\/2026\/01\/21-768x960.png 768w, https:\/\/aapra.org.ar\/wp-content\/uploads\/2026\/01\/21-300x375.png 300w, https:\/\/aapra.org.ar\/wp-content\/uploads\/2026\/01\/21-850x1063.png 850w, https:\/\/aapra.org.ar\/wp-content\/uploads\/2026\/01\/21.png 1080w\" sizes=\"(max-width: 640px) 100vw, 640px\" \/>\t\t\t\t\t\t\t\t\t\t\t<figcaption class=\"widget-image-caption wp-caption-text\">Gabriela Guraieb<\/figcaption>\n\t\t\t\t\t\t\t\t\t\t<\/figure>\n\t\t\t\t\t\t\t\t\t<\/div>\n\t\t\t\t<\/div>\n\t\t\t\t<\/div>\n\t\t<div class=\"elementor-element elementor-element-7aa36ba e-con-full e-flex e-con e-child\" data-id=\"7aa36ba\" data-element_type=\"container\">\n\t\t\t\t<div class=\"elementor-element elementor-element-6542a8e elementor-widget__width-initial elementor-widget elementor-widget-image\" data-id=\"6542a8e\" data-element_type=\"widget\" data-widget_type=\"image.default\">\n\t\t\t\t<div class=\"elementor-widget-container\">\n\t\t\t\t\t\t\t\t\t\t\t\t<figure class=\"wp-caption\">\n\t\t\t\t\t\t\t\t\t\t<img loading=\"lazy\" decoding=\"async\" width=\"640\" height=\"800\" src=\"https:\/\/aapra.org.ar\/wp-content\/uploads\/2026\/01\/22-819x1024.png\" class=\"attachment-large size-large wp-image-1166\" alt=\"\" srcset=\"https:\/\/aapra.org.ar\/wp-content\/uploads\/2026\/01\/22-819x1024.png 819w, https:\/\/aapra.org.ar\/wp-content\/uploads\/2026\/01\/22-240x300.png 240w, https:\/\/aapra.org.ar\/wp-content\/uploads\/2026\/01\/22-768x960.png 768w, https:\/\/aapra.org.ar\/wp-content\/uploads\/2026\/01\/22-300x375.png 300w, https:\/\/aapra.org.ar\/wp-content\/uploads\/2026\/01\/22-850x1063.png 850w, https:\/\/aapra.org.ar\/wp-content\/uploads\/2026\/01\/22.png 1080w\" sizes=\"(max-width: 640px) 100vw, 640px\" \/>\t\t\t\t\t\t\t\t\t\t\t<figcaption class=\"widget-image-caption wp-caption-text\">Gustavo Spadoni<\/figcaption>\n\t\t\t\t\t\t\t\t\t\t<\/figure>\n\t\t\t\t\t\t\t\t\t<\/div>\n\t\t\t\t<\/div>\n\t\t\t\t<\/div>\n\t\t\t\t<\/div>\n\t\t<div class=\"elementor-element elementor-element-4659292 e-con-full e-flex e-con e-parent\" data-id=\"4659292\" data-element_type=\"container\">\n\t\t<div class=\"elementor-element elementor-element-dd4c0e9 e-con-full e-flex e-con e-child\" data-id=\"dd4c0e9\" data-element_type=\"container\">\n\t\t\t\t<div class=\"elementor-element elementor-element-b8a300d elementor-widget elementor-widget-image\" data-id=\"b8a300d\" data-element_type=\"widget\" data-widget_type=\"image.default\">\n\t\t\t\t<div class=\"elementor-widget-container\">\n\t\t\t\t\t\t\t\t\t\t\t\t<figure class=\"wp-caption\">\n\t\t\t\t\t\t\t\t\t\t<img loading=\"lazy\" decoding=\"async\" width=\"640\" height=\"800\" src=\"https:\/\/aapra.org.ar\/wp-content\/uploads\/2026\/01\/23-819x1024.png\" class=\"attachment-large size-large wp-image-1167\" alt=\"\" srcset=\"https:\/\/aapra.org.ar\/wp-content\/uploads\/2026\/01\/23-819x1024.png 819w, https:\/\/aapra.org.ar\/wp-content\/uploads\/2026\/01\/23-240x300.png 240w, https:\/\/aapra.org.ar\/wp-content\/uploads\/2026\/01\/23-768x960.png 768w, https:\/\/aapra.org.ar\/wp-content\/uploads\/2026\/01\/23-300x375.png 300w, https:\/\/aapra.org.ar\/wp-content\/uploads\/2026\/01\/23-850x1063.png 850w, https:\/\/aapra.org.ar\/wp-content\/uploads\/2026\/01\/23.png 1080w\" sizes=\"(max-width: 640px) 100vw, 640px\" \/>\t\t\t\t\t\t\t\t\t\t\t<figcaption class=\"widget-image-caption wp-caption-text\">Mirella S. Lauricella<\/figcaption>\n\t\t\t\t\t\t\t\t\t\t<\/figure>\n\t\t\t\t\t\t\t\t\t<\/div>\n\t\t\t\t<\/div>\n\t\t\t\t<\/div>\n\t\t<div class=\"elementor-element elementor-element-fcf9862 e-con-full e-flex e-con e-child\" data-id=\"fcf9862\" data-element_type=\"container\">\n\t\t\t\t<div class=\"elementor-element elementor-element-3d1a1be elementor-widget elementor-widget-image\" data-id=\"3d1a1be\" data-element_type=\"widget\" data-widget_type=\"image.default\">\n\t\t\t\t<div class=\"elementor-widget-container\">\n\t\t\t\t\t\t\t\t\t\t\t\t<figure class=\"wp-caption\">\n\t\t\t\t\t\t\t\t\t\t<img loading=\"lazy\" decoding=\"async\" width=\"640\" height=\"800\" src=\"https:\/\/aapra.org.ar\/wp-content\/uploads\/2026\/01\/24-819x1024.png\" class=\"attachment-large size-large wp-image-1168\" alt=\"\" srcset=\"https:\/\/aapra.org.ar\/wp-content\/uploads\/2026\/01\/24-819x1024.png 819w, https:\/\/aapra.org.ar\/wp-content\/uploads\/2026\/01\/24-240x300.png 240w, https:\/\/aapra.org.ar\/wp-content\/uploads\/2026\/01\/24-768x960.png 768w, https:\/\/aapra.org.ar\/wp-content\/uploads\/2026\/01\/24-300x375.png 300w, https:\/\/aapra.org.ar\/wp-content\/uploads\/2026\/01\/24-850x1063.png 850w, https:\/\/aapra.org.ar\/wp-content\/uploads\/2026\/01\/24.png 1080w\" sizes=\"(max-width: 640px) 100vw, 640px\" \/>\t\t\t\t\t\t\t\t\t\t\t<figcaption class=\"widget-image-caption wp-caption-text\">Mart\u00edn V\u00e1zquez<\/figcaption>\n\t\t\t\t\t\t\t\t\t\t<\/figure>\n\t\t\t\t\t\t\t\t\t<\/div>\n\t\t\t\t<\/div>\n\t\t\t\t<\/div>\n\t\t<div class=\"elementor-element elementor-element-ecfb345 e-con-full e-flex e-con e-child\" data-id=\"ecfb345\" data-element_type=\"container\">\n\t\t\t\t<div class=\"elementor-element elementor-element-ad4b3de elementor-widget elementor-widget-image\" data-id=\"ad4b3de\" data-element_type=\"widget\" data-widget_type=\"image.default\">\n\t\t\t\t<div class=\"elementor-widget-container\">\n\t\t\t\t\t\t\t\t\t\t\t\t<figure class=\"wp-caption\">\n\t\t\t\t\t\t\t\t\t\t<img loading=\"lazy\" decoding=\"async\" width=\"640\" height=\"800\" src=\"https:\/\/aapra.org.ar\/wp-content\/uploads\/2026\/01\/25-819x1024.png\" class=\"attachment-large size-large wp-image-1169\" alt=\"\" srcset=\"https:\/\/aapra.org.ar\/wp-content\/uploads\/2026\/01\/25-819x1024.png 819w, https:\/\/aapra.org.ar\/wp-content\/uploads\/2026\/01\/25-240x300.png 240w, https:\/\/aapra.org.ar\/wp-content\/uploads\/2026\/01\/25-768x960.png 768w, https:\/\/aapra.org.ar\/wp-content\/uploads\/2026\/01\/25-300x375.png 300w, https:\/\/aapra.org.ar\/wp-content\/uploads\/2026\/01\/25-850x1063.png 850w, https:\/\/aapra.org.ar\/wp-content\/uploads\/2026\/01\/25.png 1080w\" sizes=\"(max-width: 640px) 100vw, 640px\" \/>\t\t\t\t\t\t\t\t\t\t\t<figcaption class=\"widget-image-caption wp-caption-text\">Mar\u00eda P\u00eda Falchi<\/figcaption>\n\t\t\t\t\t\t\t\t\t\t<\/figure>\n\t\t\t\t\t\t\t\t\t<\/div>\n\t\t\t\t<\/div>\n\t\t\t\t<\/div>\n\t\t<div class=\"elementor-element elementor-element-2ee252f e-con-full e-flex e-con e-child\" data-id=\"2ee252f\" data-element_type=\"container\">\n\t\t\t\t<div class=\"elementor-element elementor-element-7f916b6 elementor-widget__width-initial elementor-widget elementor-widget-image\" data-id=\"7f916b6\" data-element_type=\"widget\" data-widget_type=\"image.default\">\n\t\t\t\t<div class=\"elementor-widget-container\">\n\t\t\t\t\t\t\t\t\t\t\t\t<figure class=\"wp-caption\">\n\t\t\t\t\t\t\t\t\t\t<img loading=\"lazy\" decoding=\"async\" width=\"640\" height=\"800\" src=\"https:\/\/aapra.org.ar\/wp-content\/uploads\/2026\/01\/26-819x1024.png\" class=\"attachment-large size-large wp-image-1170\" alt=\"\" srcset=\"https:\/\/aapra.org.ar\/wp-content\/uploads\/2026\/01\/26-819x1024.png 819w, https:\/\/aapra.org.ar\/wp-content\/uploads\/2026\/01\/26-240x300.png 240w, https:\/\/aapra.org.ar\/wp-content\/uploads\/2026\/01\/26-768x960.png 768w, https:\/\/aapra.org.ar\/wp-content\/uploads\/2026\/01\/26-300x375.png 300w, https:\/\/aapra.org.ar\/wp-content\/uploads\/2026\/01\/26-850x1063.png 850w, https:\/\/aapra.org.ar\/wp-content\/uploads\/2026\/01\/26.png 1080w\" sizes=\"(max-width: 640px) 100vw, 640px\" \/>\t\t\t\t\t\t\t\t\t\t\t<figcaption class=\"widget-image-caption wp-caption-text\">Marcelo Weissel<\/figcaption>\n\t\t\t\t\t\t\t\t\t\t<\/figure>\n\t\t\t\t\t\t\t\t\t<\/div>\n\t\t\t\t<\/div>\n\t\t\t\t<\/div>\n\t\t\t\t<\/div>\n\t\t<div class=\"elementor-element elementor-element-532990a e-flex e-con-boxed e-con e-parent\" data-id=\"532990a\" data-element_type=\"container\">\n\t\t\t\t\t<div class=\"e-con-inner\">\n\t\t\t\t\t<\/div>\n\t\t\t\t<\/div>\n\t\t\t\t<\/div>\n\t\t","protected":false},"excerpt":{"rendered":"<p>La Asociaci\u00f3n de Arque\u00f3logos Profesionales de la Rep\u00fablica Argentina (AAPRA) se constituy\u00f3 formalmente como asociaci\u00f3n civil sin fines de lucro el 26 de Septiembre del 2000, un a\u00f1o despu\u00e9s de una primera reuni\u00f3n fundacional concretada durante el XII Congreso Nacional de Arqueolog\u00eda de C\u00f3rdoba realizado del 4 al 8 de octubre de 1999. Su personer\u00eda&#8230;<\/p>\n","protected":false},"author":1,"featured_media":0,"parent":0,"menu_order":0,"comment_status":"closed","ping_status":"closed","template":"","meta":{"footnotes":""},"class_list":["post-72","page","type-page","status-publish","hentry"],"_links":{"self":[{"href":"https:\/\/aapra.org.ar\/index.php?rest_route=\/wp\/v2\/pages\/72","targetHints":{"allow":["GET"]}}],"collection":[{"href":"https:\/\/aapra.org.ar\/index.php?rest_route=\/wp\/v2\/pages"}],"about":[{"href":"https:\/\/aapra.org.ar\/index.php?rest_route=\/wp\/v2\/types\/page"}],"author":[{"embeddable":true,"href":"https:\/\/aapra.org.ar\/index.php?rest_route=\/wp\/v2\/users\/1"}],"replies":[{"embeddable":true,"href":"https:\/\/aapra.org.ar\/index.php?rest_route=%2Fwp%2Fv2%2Fcomments&post=72"}],"version-history":[{"count":70,"href":"https:\/\/aapra.org.ar\/index.php?rest_route=\/wp\/v2\/pages\/72\/revisions"}],"predecessor-version":[{"id":1179,"href":"https:\/\/aapra.org.ar\/index.php?rest_route=\/wp\/v2\/pages\/72\/revisions\/1179"}],"wp:attachment":[{"href":"https:\/\/aapra.org.ar\/index.php?rest_route=%2Fwp%2Fv2%2Fmedia&parent=72"}],"curies":[{"name":"wp","href":"https:\/\/api.w.org\/{rel}","templated":true}]}}