{"id":750,"date":"2024-08-06T00:03:33","date_gmt":"2024-08-06T03:03:33","guid":{"rendered":"https:\/\/aapra.org.ar\/?page_id=750"},"modified":"2024-10-15T09:24:46","modified_gmt":"2024-10-15T12:24:46","slug":"introduccion-al-estudio-de-ceramicas-arqueologicas","status":"publish","type":"page","link":"https:\/\/aapra.org.ar\/?page_id=750","title":{"rendered":"Introducci\u00f3n al estudio de cer\u00e1micas arqueol\u00f3gicas"},"content":{"rendered":"","protected":true},"excerpt":{"rendered":"","protected":true},"author":1,"featured_media":0,"parent":0,"menu_order":0,"comment_status":"closed","ping_status":"closed","template":"","meta":{"footnotes":""},"class_list":["post-750","page","type-page","status-publish","post-password-required","hentry"],"_links":{"self":[{"href":"https:\/\/aapra.org.ar\/index.php?rest_route=\/wp\/v2\/pages\/750","targetHints":{"allow":["GET"]}}],"collection":[{"href":"https:\/\/aapra.org.ar\/index.php?rest_route=\/wp\/v2\/pages"}],"about":[{"href":"https:\/\/aapra.org.ar\/index.php?rest_route=\/wp\/v2\/types\/page"}],"author":[{"embeddable":true,"href":"https:\/\/aapra.org.ar\/index.php?rest_route=\/wp\/v2\/users\/1"}],"replies":[{"embeddable":true,"href":"https:\/\/aapra.org.ar\/index.php?rest_route=%2Fwp%2Fv2%2Fcomments&post=750"}],"version-history":[{"count":38,"href":"https:\/\/aapra.org.ar\/index.php?rest_route=\/wp\/v2\/pages\/750\/revisions"}],"predecessor-version":[{"id":844,"href":"https:\/\/aapra.org.ar\/index.php?rest_route=\/wp\/v2\/pages\/750\/revisions\/844"}],"wp:attachment":[{"href":"https:\/\/aapra.org.ar\/index.php?rest_route=%2Fwp%2Fv2%2Fmedia&parent=750"}],"curies":[{"name":"wp","href":"https:\/\/api.w.org\/{rel}","templated":true}]}}